{"id":105411,"date":"2026-04-07T14:40:29","date_gmt":"2026-04-07T20:40:29","guid":{"rendered":"https:\/\/prosafebrands.com\/?post_type=product&#038;p=105411"},"modified":"2026-04-07T15:11:30","modified_gmt":"2026-04-07T21:11:30","slug":"rbm158-club-memt-work-blanco-dielectrico-dama","status":"publish","type":"product","link":"https:\/\/prosafebrands.com\/en\/product\/rbm158-club-memt-work-blanco-dielectrico-dama\/","title":{"rendered":"RBM158 &#8211; CLUB MEMT WORK BLANCO DIEL\u00c9CTRICO (DAMA)"},"content":{"rendered":"<h3><strong>CARACTER\u00cdSTICAS<\/strong><\/h3>\n<ul>\n<li>Puntera de protecci\u00f3n no met\u00e1lica extra amplia, para mayor confort.<\/li>\n<li><strong>MemoryTech Memory<\/strong>\u00a0&#8211; Plantilla de EVA es resiliente y confortable, ideal para absorber impacto.<\/li>\n<li>Entresuela de EVA, provee un acojinamiento y confort superior.<\/li>\n<li>Suela de Hule es muy resistente al resbalamiento (SR). Cumple con la norma SR-ASTM F3445.<\/li>\n<li>Calzado libre de metal.<\/li>\n<\/ul>\n","protected":false},"excerpt":{"rendered":"<p><strong>CORTE:<\/strong> Piel de Res<\/p>\n<p><strong>PUNTERA DE PROTECCI\u00d3N:<\/strong> No Met\u00e1lica<\/p>\n<p><strong>ENTRESUELA:<\/strong> EVA<\/p>\n<p><strong>SUELA:<\/strong> Hule de alta abrasi\u00f3n<\/p>\n<p><strong>TIPO DE PROTECCI\u00d3N:<\/strong> Diel\u00e9ctrico<\/p>\n<p><strong>USO RECOMENDADO:<\/strong> Extra pesado<\/p>\n<p><img decoding=\"async\" class=\"alignnone wp-image-101901 size-full\" src=\"https:\/\/prosafebrands.com\/wp-content\/uploads\/2023\/11\/rebook-ico-casco-dielectrico-no-ptu.jpg\" alt=\"\" width=\"600\" height=\"100\" \/><\/p>\n<p><img decoding=\"async\" class=\"alignnone wp-image-103809 size-full\" src=\"https:\/\/prosafebrands.com\/wp-content\/uploads\/2023\/08\/rebook-ico-noms-2024.jpg\" alt=\"\" width=\"600\" height=\"100\" srcset=\"https:\/\/prosafebrands.com\/wp-content\/uploads\/2023\/08\/rebook-ico-noms-2024.jpg 600w, https:\/\/prosafebrands.com\/wp-content\/uploads\/2023\/08\/rebook-ico-noms-2024-480x80.jpg 480w\" sizes=\"(min-width: 0px) and (max-width: 480px) 480px, (min-width: 481px) 600px, 100vw\" \/><\/p>\n","protected":false},"featured_media":105356,"comment_status":"closed","ping_status":"closed","template":"","meta":{"_et_pb_use_builder":"off","_et_pb_old_content":"","_et_gb_content_width":""},"product_brand":[],"product_cat":[232,230,228],"product_tag":[91,51,94],"class_list":{"0":"post-105411","1":"product","2":"type-product","3":"status-publish","4":"has-post-thumbnail","6":"product_cat-dama-reebok-work","7":"product_cat-dielectrico-reebok-work","8":"product_cat-reebok-work","9":"product_tag-no-metalica","10":"product_tag-tenis","11":"product_tag-uso-extra-pesado","13":"first","14":"instock","15":"taxable","16":"shipping-taxable","17":"purchasable","18":"product-type-variable"},"yoast_head":"<!-- This site is optimized with the Yoast SEO plugin v27.4 - https:\/\/yoast.com\/product\/yoast-seo-wordpress\/ -->\n<title>RBM158 - CLUB MEMT WORK BLANCO DIEL\u00c9CTRICO (DAMA) - Prosafe : Upgrade to Premium : Calzado Industrial y Ropa de Trabajo<\/title>\n<meta name=\"robots\" content=\"index, follow, max-snippet:-1, max-image-preview:large, max-video-preview:-1\" \/>\n<link rel=\"canonical\" href=\"https:\/\/prosafebrands.com\/producto\/rbm158-club-memt-work-blanco-dielectrico-dama\/\" \/>\n<meta property=\"og:locale\" content=\"en_US\" \/>\n<meta property=\"og:type\" content=\"article\" \/>\n<meta property=\"og:title\" content=\"RBM158 - CLUB MEMT WORK BLANCO DIEL\u00c9CTRICO (DAMA) - Prosafe : Upgrade to Premium : Calzado Industrial y Ropa de Trabajo\" \/>\n<meta property=\"og:description\" content=\"CORTE: Piel de Res  PUNTERA DE PROTECCI\u00d3N: No Met\u00e1lica  ENTRESUELA: EVA  SUELA: Hule de alta abrasi\u00f3n  TIPO DE PROTECCI\u00d3N: Diel\u00e9ctrico  USO RECOMENDADO: Extra pesado\" \/>\n<meta property=\"og:url\" content=\"https:\/\/prosafebrands.com\/producto\/rbm158-club-memt-work-blanco-dielectrico-dama\/\" \/>\n<meta property=\"og:site_name\" content=\"Prosafe : Upgrade to Premium : Calzado Industrial y Ropa de Trabajo\" \/>\n<meta property=\"article:modified_time\" content=\"2026-04-07T21:11:30+00:00\" \/>\n<meta property=\"og:image\" content=\"https:\/\/prosafebrands.com\/wp-content\/uploads\/2026\/03\/rbmx4158-01.jpg\" \/>\n\t<meta property=\"og:image:width\" content=\"1200\" \/>\n\t<meta property=\"og:image:height\" content=\"850\" \/>\n\t<meta property=\"og:image:type\" content=\"image\/jpeg\" \/>\n<meta name=\"twitter:card\" content=\"summary_large_image\" \/>\n<meta name=\"twitter:label1\" content=\"Est. reading time\" \/>\n\t<meta name=\"twitter:data1\" content=\"1 minute\" \/>\n<script type=\"application\/ld+json\" class=\"yoast-schema-graph\">{\"@context\":\"https:\\\/\\\/schema.org\",\"@graph\":[{\"@type\":\"WebPage\",\"@id\":\"https:\\\/\\\/prosafebrands.com\\\/producto\\\/rbm158-club-memt-work-blanco-dielectrico-dama\\\/\",\"url\":\"https:\\\/\\\/prosafebrands.com\\\/producto\\\/rbm158-club-memt-work-blanco-dielectrico-dama\\\/\",\"name\":\"RBM158 - CLUB MEMT WORK BLANCO DIEL\u00c9CTRICO (DAMA) - Prosafe : Upgrade to Premium : Calzado Industrial y Ropa de Trabajo\",\"isPartOf\":{\"@id\":\"https:\\\/\\\/prosafebrands.com\\\/#website\"},\"primaryImageOfPage\":{\"@id\":\"https:\\\/\\\/prosafebrands.com\\\/producto\\\/rbm158-club-memt-work-blanco-dielectrico-dama\\\/#primaryimage\"},\"image\":{\"@id\":\"https:\\\/\\\/prosafebrands.com\\\/producto\\\/rbm158-club-memt-work-blanco-dielectrico-dama\\\/#primaryimage\"},\"thumbnailUrl\":\"https:\\\/\\\/prosafebrands.com\\\/wp-content\\\/uploads\\\/2026\\\/03\\\/rbmx4158-01.jpg\",\"datePublished\":\"2026-04-07T20:40:29+00:00\",\"dateModified\":\"2026-04-07T21:11:30+00:00\",\"breadcrumb\":{\"@id\":\"https:\\\/\\\/prosafebrands.com\\\/producto\\\/rbm158-club-memt-work-blanco-dielectrico-dama\\\/#breadcrumb\"},\"inLanguage\":\"en-US\",\"potentialAction\":[{\"@type\":\"ReadAction\",\"target\":[\"https:\\\/\\\/prosafebrands.com\\\/producto\\\/rbm158-club-memt-work-blanco-dielectrico-dama\\\/\"]}]},{\"@type\":\"ImageObject\",\"inLanguage\":\"en-US\",\"@id\":\"https:\\\/\\\/prosafebrands.com\\\/producto\\\/rbm158-club-memt-work-blanco-dielectrico-dama\\\/#primaryimage\",\"url\":\"https:\\\/\\\/prosafebrands.com\\\/wp-content\\\/uploads\\\/2026\\\/03\\\/rbmx4158-01.jpg\",\"contentUrl\":\"https:\\\/\\\/prosafebrands.com\\\/wp-content\\\/uploads\\\/2026\\\/03\\\/rbmx4158-01.jpg\",\"width\":1200,\"height\":850},{\"@type\":\"BreadcrumbList\",\"@id\":\"https:\\\/\\\/prosafebrands.com\\\/producto\\\/rbm158-club-memt-work-blanco-dielectrico-dama\\\/#breadcrumb\",\"itemListElement\":[{\"@type\":\"ListItem\",\"position\":1,\"name\":\"Portada\",\"item\":\"https:\\\/\\\/prosafebrands.com\\\/\"},{\"@type\":\"ListItem\",\"position\":2,\"name\":\"Shop\",\"item\":\"https:\\\/\\\/prosafebrands.com\\\/en\\\/shop-2\\\/\"},{\"@type\":\"ListItem\",\"position\":3,\"name\":\"RBM158 &#8211; CLUB MEMT WORK BLANCO DIEL\u00c9CTRICO (DAMA)\"}]},{\"@type\":\"WebSite\",\"@id\":\"https:\\\/\\\/prosafebrands.com\\\/#website\",\"url\":\"https:\\\/\\\/prosafebrands.com\\\/\",\"name\":\"Prosafe : Upgrade to Premium : Calzado Industrial y Ropa de Trabajo.\",\"description\":\"Distibuidor Exclusivo\u00a0para\u00a0Me\u0301xico\u00a0de: Reebok Work, Bekina Boots, HH Workwear, CAT\u00a0y\u00a0Puma\u00a0Workwear\",\"publisher\":{\"@id\":\"https:\\\/\\\/prosafebrands.com\\\/#organization\"},\"alternateName\":\"Prosafe : Upgrade to Premium : Calzado Industrial y Ropa de Trabajo.\",\"potentialAction\":[{\"@type\":\"SearchAction\",\"target\":{\"@type\":\"EntryPoint\",\"urlTemplate\":\"https:\\\/\\\/prosafebrands.com\\\/?s={search_term_string}\"},\"query-input\":{\"@type\":\"PropertyValueSpecification\",\"valueRequired\":true,\"valueName\":\"search_term_string\"}}],\"inLanguage\":\"en-US\"},{\"@type\":\"Organization\",\"@id\":\"https:\\\/\\\/prosafebrands.com\\\/#organization\",\"name\":\"Prosafe : Upgrade to Premium : Calzado Industrial y Ropa de Trabajo.\",\"alternateName\":\"Prosafe : Upgrade to Premium : Calzado Industrial y Ropa de Trabajo.\",\"url\":\"https:\\\/\\\/prosafebrands.com\\\/\",\"logo\":{\"@type\":\"ImageObject\",\"inLanguage\":\"en-US\",\"@id\":\"https:\\\/\\\/prosafebrands.com\\\/#\\\/schema\\\/logo\\\/image\\\/\",\"url\":\"https:\\\/\\\/prosafebrands.com\\\/wp-content\\\/uploads\\\/2024\\\/10\\\/logo-prosafe-gris-2024r.png\",\"contentUrl\":\"https:\\\/\\\/prosafebrands.com\\\/wp-content\\\/uploads\\\/2024\\\/10\\\/logo-prosafe-gris-2024r.png\",\"width\":293,\"height\":87,\"caption\":\"Prosafe : Upgrade to Premium : Calzado Industrial y Ropa de Trabajo.\"},\"image\":{\"@id\":\"https:\\\/\\\/prosafebrands.com\\\/#\\\/schema\\\/logo\\\/image\\\/\"},\"sameAs\":[\"https:\\\/\\\/www.instagram.com\\\/prosafebrands\\\/\"]}]}<\/script>\n<!-- \/ Yoast SEO plugin. -->","yoast_head_json":{"title":"RBM158 - CLUB MEMT WORK BLANCO DIEL\u00c9CTRICO (DAMA) - Prosafe : Upgrade to Premium : Calzado Industrial y Ropa de Trabajo","robots":{"index":"index","follow":"follow","max-snippet":"max-snippet:-1","max-image-preview":"max-image-preview:large","max-video-preview":"max-video-preview:-1"},"canonical":"https:\/\/prosafebrands.com\/producto\/rbm158-club-memt-work-blanco-dielectrico-dama\/","og_locale":"en_US","og_type":"article","og_title":"RBM158 - CLUB MEMT WORK BLANCO DIEL\u00c9CTRICO (DAMA) - Prosafe : Upgrade to Premium : Calzado Industrial y Ropa de Trabajo","og_description":"CORTE: Piel de Res  PUNTERA DE PROTECCI\u00d3N: No Met\u00e1lica  ENTRESUELA: EVA  SUELA: Hule de alta abrasi\u00f3n  TIPO DE PROTECCI\u00d3N: Diel\u00e9ctrico  USO RECOMENDADO: Extra pesado","og_url":"https:\/\/prosafebrands.com\/producto\/rbm158-club-memt-work-blanco-dielectrico-dama\/","og_site_name":"Prosafe : Upgrade to Premium : Calzado Industrial y Ropa de Trabajo","article_modified_time":"2026-04-07T21:11:30+00:00","og_image":[{"width":1200,"height":850,"url":"https:\/\/prosafebrands.com\/wp-content\/uploads\/2026\/03\/rbmx4158-01.jpg","type":"image\/jpeg"}],"twitter_card":"summary_large_image","twitter_misc":{"Est. reading time":"1 minute"},"schema":{"@context":"https:\/\/schema.org","@graph":[{"@type":"WebPage","@id":"https:\/\/prosafebrands.com\/producto\/rbm158-club-memt-work-blanco-dielectrico-dama\/","url":"https:\/\/prosafebrands.com\/producto\/rbm158-club-memt-work-blanco-dielectrico-dama\/","name":"RBM158 - CLUB MEMT WORK BLANCO DIEL\u00c9CTRICO (DAMA) - Prosafe : Upgrade to Premium : Calzado Industrial y Ropa de Trabajo","isPartOf":{"@id":"https:\/\/prosafebrands.com\/#website"},"primaryImageOfPage":{"@id":"https:\/\/prosafebrands.com\/producto\/rbm158-club-memt-work-blanco-dielectrico-dama\/#primaryimage"},"image":{"@id":"https:\/\/prosafebrands.com\/producto\/rbm158-club-memt-work-blanco-dielectrico-dama\/#primaryimage"},"thumbnailUrl":"https:\/\/prosafebrands.com\/wp-content\/uploads\/2026\/03\/rbmx4158-01.jpg","datePublished":"2026-04-07T20:40:29+00:00","dateModified":"2026-04-07T21:11:30+00:00","breadcrumb":{"@id":"https:\/\/prosafebrands.com\/producto\/rbm158-club-memt-work-blanco-dielectrico-dama\/#breadcrumb"},"inLanguage":"en-US","potentialAction":[{"@type":"ReadAction","target":["https:\/\/prosafebrands.com\/producto\/rbm158-club-memt-work-blanco-dielectrico-dama\/"]}]},{"@type":"ImageObject","inLanguage":"en-US","@id":"https:\/\/prosafebrands.com\/producto\/rbm158-club-memt-work-blanco-dielectrico-dama\/#primaryimage","url":"https:\/\/prosafebrands.com\/wp-content\/uploads\/2026\/03\/rbmx4158-01.jpg","contentUrl":"https:\/\/prosafebrands.com\/wp-content\/uploads\/2026\/03\/rbmx4158-01.jpg","width":1200,"height":850},{"@type":"BreadcrumbList","@id":"https:\/\/prosafebrands.com\/producto\/rbm158-club-memt-work-blanco-dielectrico-dama\/#breadcrumb","itemListElement":[{"@type":"ListItem","position":1,"name":"Portada","item":"https:\/\/prosafebrands.com\/"},{"@type":"ListItem","position":2,"name":"Shop","item":"https:\/\/prosafebrands.com\/en\/shop-2\/"},{"@type":"ListItem","position":3,"name":"RBM158 &#8211; CLUB MEMT WORK BLANCO DIEL\u00c9CTRICO (DAMA)"}]},{"@type":"WebSite","@id":"https:\/\/prosafebrands.com\/#website","url":"https:\/\/prosafebrands.com\/","name":"Prosafe : Upgrade to Premium : Calzado Industrial y Ropa de Trabajo.","description":"Distibuidor Exclusivo\u00a0para\u00a0Me\u0301xico\u00a0de: Reebok Work, Bekina Boots, HH Workwear, CAT\u00a0y\u00a0Puma\u00a0Workwear","publisher":{"@id":"https:\/\/prosafebrands.com\/#organization"},"alternateName":"Prosafe : Upgrade to Premium : Calzado Industrial y Ropa de Trabajo.","potentialAction":[{"@type":"SearchAction","target":{"@type":"EntryPoint","urlTemplate":"https:\/\/prosafebrands.com\/?s={search_term_string}"},"query-input":{"@type":"PropertyValueSpecification","valueRequired":true,"valueName":"search_term_string"}}],"inLanguage":"en-US"},{"@type":"Organization","@id":"https:\/\/prosafebrands.com\/#organization","name":"Prosafe : Upgrade to Premium : Calzado Industrial y Ropa de Trabajo.","alternateName":"Prosafe : Upgrade to Premium : Calzado Industrial y Ropa de Trabajo.","url":"https:\/\/prosafebrands.com\/","logo":{"@type":"ImageObject","inLanguage":"en-US","@id":"https:\/\/prosafebrands.com\/#\/schema\/logo\/image\/","url":"https:\/\/prosafebrands.com\/wp-content\/uploads\/2024\/10\/logo-prosafe-gris-2024r.png","contentUrl":"https:\/\/prosafebrands.com\/wp-content\/uploads\/2024\/10\/logo-prosafe-gris-2024r.png","width":293,"height":87,"caption":"Prosafe : Upgrade to Premium : Calzado Industrial y Ropa de Trabajo."},"image":{"@id":"https:\/\/prosafebrands.com\/#\/schema\/logo\/image\/"},"sameAs":["https:\/\/www.instagram.com\/prosafebrands\/"]}]}},"_links":{"self":[{"href":"https:\/\/prosafebrands.com\/en\/wp-json\/wp\/v2\/product\/105411","targetHints":{"allow":["GET"]}}],"collection":[{"href":"https:\/\/prosafebrands.com\/en\/wp-json\/wp\/v2\/product"}],"about":[{"href":"https:\/\/prosafebrands.com\/en\/wp-json\/wp\/v2\/types\/product"}],"replies":[{"embeddable":true,"href":"https:\/\/prosafebrands.com\/en\/wp-json\/wp\/v2\/comments?post=105411"}],"wp:featuredmedia":[{"embeddable":true,"href":"https:\/\/prosafebrands.com\/en\/wp-json\/wp\/v2\/media\/105356"}],"wp:attachment":[{"href":"https:\/\/prosafebrands.com\/en\/wp-json\/wp\/v2\/media?parent=105411"}],"wp:term":[{"taxonomy":"product_brand","embeddable":true,"href":"https:\/\/prosafebrands.com\/en\/wp-json\/wp\/v2\/product_brand?post=105411"},{"taxonomy":"product_cat","embeddable":true,"href":"https:\/\/prosafebrands.com\/en\/wp-json\/wp\/v2\/product_cat?post=105411"},{"taxonomy":"product_tag","embeddable":true,"href":"https:\/\/prosafebrands.com\/en\/wp-json\/wp\/v2\/product_tag?post=105411"}],"curies":[{"name":"wp","href":"https:\/\/api.w.org\/{rel}","templated":true}]}}