{"id":105191,"date":"2026-02-25T14:14:20","date_gmt":"2026-02-25T20:14:20","guid":{"rendered":"https:\/\/prosafebrands.com\/product\/be-141-bota-buck-tan-casco-de-acero-dielectrico-2\/"},"modified":"2026-04-07T15:11:26","modified_gmt":"2026-04-07T21:11:26","slug":"be-141-bota-buck-tan-casco-de-acero-dielectrico-2","status":"publish","type":"product","link":"https:\/\/prosafebrands.com\/en\/product\/be-141-bota-buck-tan-casco-de-acero-dielectrico-2\/","title":{"rendered":"BE-141 BOTA BUCK TAN &#8211; CASCO DE ACERO DIEL\u00c9CTRICO"},"content":{"rendered":"<h2>Calzado industrial<\/h2>\n<p><strong>Tipo II (PP) + III (D)<\/strong><br \/>\nPuntera de Protecci\u00f3n + Diel\u00e9ctrico<\/p>\n<p>Protege los dedos de los pies contra impacto y compresi\u00f3n<br \/>\nProtege al usuario contra riesgos de choque el\u00e9ctrico<br \/>\nAdecuado para largas jornadas de trabajo aumentando tu desempe\u00f1o.<\/p>\n<p>&nbsp;<\/p>\n<h5>Corte<\/h5>\n<p><strong>Buck miel<\/strong><\/p>\n<ul>\n<li>Resistente al desgarre<\/li>\n<li>Tacto natural<\/li>\n<li>Acabado afelpado al tacto<\/li>\n<li>Curtido al cromo<\/li>\n<li>Buena absorci\u00f3n y des absorci\u00f3n<\/li>\n<\/ul>\n<h5>Forro<\/h5>\n<p><strong>Textil<\/strong><\/p>\n<ul>\n<li>Transpirable<\/li>\n<li>Antibacterial<\/li>\n<li>Resistente a la abrasi\u00f3n<\/li>\n<li>Confortable<\/li>\n<li>Combinaci\u00f3n nylon poli\u00e9ster<\/li>\n<\/ul>\n<h5>Plantilla<\/h5>\n<p><strong>Plantilla<\/strong><\/p>\n<ul>\n<li>Antifatiga<\/li>\n<li>Confortable<\/li>\n<li>Con malla textil resistente al desgaste<\/li>\n<li>Absorci\u00f3n de impacto<\/li>\n<li>Lavable<\/li>\n<li>Antibacterial<\/li>\n<\/ul>\n","protected":false},"excerpt":{"rendered":"<h5>Suela<\/h5>\n<p><strong>Dual ambar<\/strong><\/p>\n<ul>\n<li>Hule vulcanizado<\/li>\n<li>Ideal para uso rudo<\/li>\n<li>Resistente a altas temperaturas<\/li>\n<li>Resistente a la abrasi\u00f3n<\/li>\n<li>No marca<\/li>\n<li>Buena flexi\u00f3n<\/li>\n<\/ul>\n<h5>Construcci\u00f3n<\/h5>\n<p><strong>GoodYear strech-Welt<\/strong><\/p>\n<ul>\n<li>Estabilidad<\/li>\n<li>Alto rendimiento<\/li>\n<li>Durable<\/li>\n<li>Ideal para uso rudo<\/li>\n<li>\u00danico en su g\u00e9nero<\/li>\n<li>Flexible<\/li>\n<\/ul>\n<h5>\u00a0Unisex<\/h5>\n<p>Certificado bajo:<\/p>\n<p>&nbsp;<\/p>\n","protected":false},"featured_media":105167,"comment_status":"open","ping_status":"closed","template":"","meta":{"_et_pb_use_builder":"","_et_pb_old_content":"","_et_gb_content_width":""},"product_brand":[],"product_cat":[314,331],"product_tag":[315,222],"class_list":{"0":"post-105191","1":"product","2":"type-product","3":"status-publish","4":"has-post-thumbnail","6":"product_cat-calzado","7":"product_cat-dama","8":"product_tag-calzado-industrial","9":"product_tag-dielectrico","11":"first","12":"instock","13":"taxable","14":"shipping-taxable","15":"purchasable","16":"product-type-variable"},"yoast_head":"<!-- This site is optimized with the Yoast SEO plugin v27.4 - https:\/\/yoast.com\/product\/yoast-seo-wordpress\/ -->\n<title>BE-141 BOTA BUCK TAN - CASCO DE ACERO DIEL\u00c9CTRICO - Prosafe : Upgrade to Premium : Calzado Industrial y Ropa de Trabajo<\/title>\n<meta name=\"robots\" content=\"index, follow, max-snippet:-1, max-image-preview:large, max-video-preview:-1\" \/>\n<link rel=\"canonical\" href=\"https:\/\/prosafebrands.com\/producto\/be-141-bota-buck-tan-casco-de-acero-dielectrico-2\/\" \/>\n<meta property=\"og:locale\" content=\"en_US\" \/>\n<meta property=\"og:type\" content=\"article\" \/>\n<meta property=\"og:title\" content=\"BE-141 BOTA BUCK TAN - CASCO DE ACERO DIEL\u00c9CTRICO - Prosafe : Upgrade to Premium : Calzado Industrial y Ropa de Trabajo\" \/>\n<meta property=\"og:description\" content=\"Suela Dual ambar   Hule vulcanizado  Ideal para uso rudo  Resistente a altas temperaturas  Resistente a la abrasi\u00f3n  No marca  Buena flexi\u00f3n  Construcci\u00f3n GoodYear strech-Welt   Estabilidad  Alto rendimiento  Durable  Ideal para uso rudo  \u00danico en su g\u00e9nero  Flexible  \u00a0Unisex Certificado bajo:  &nbsp;\" \/>\n<meta property=\"og:url\" content=\"https:\/\/prosafebrands.com\/producto\/be-141-bota-buck-tan-casco-de-acero-dielectrico-2\/\" \/>\n<meta property=\"og:site_name\" content=\"Prosafe : Upgrade to Premium : Calzado Industrial y Ropa de Trabajo\" \/>\n<meta property=\"article:modified_time\" content=\"2026-04-07T21:11:26+00:00\" \/>\n<meta property=\"og:image\" content=\"https:\/\/prosafebrands.com\/wp-content\/uploads\/2026\/02\/be-141-00-tan.jpg\" \/>\n\t<meta property=\"og:image:width\" content=\"1200\" \/>\n\t<meta property=\"og:image:height\" content=\"850\" \/>\n\t<meta property=\"og:image:type\" content=\"image\/jpeg\" \/>\n<meta name=\"twitter:card\" content=\"summary_large_image\" \/>\n<meta name=\"twitter:label1\" content=\"Est. reading time\" \/>\n\t<meta name=\"twitter:data1\" content=\"1 minute\" \/>\n<script type=\"application\/ld+json\" class=\"yoast-schema-graph\">{\"@context\":\"https:\\\/\\\/schema.org\",\"@graph\":[{\"@type\":\"WebPage\",\"@id\":\"https:\\\/\\\/prosafebrands.com\\\/producto\\\/be-141-bota-buck-tan-casco-de-acero-dielectrico-2\\\/\",\"url\":\"https:\\\/\\\/prosafebrands.com\\\/producto\\\/be-141-bota-buck-tan-casco-de-acero-dielectrico-2\\\/\",\"name\":\"BE-141 BOTA BUCK TAN - CASCO DE ACERO DIEL\u00c9CTRICO - Prosafe : Upgrade to Premium : Calzado Industrial y Ropa de Trabajo\",\"isPartOf\":{\"@id\":\"https:\\\/\\\/prosafebrands.com\\\/#website\"},\"primaryImageOfPage\":{\"@id\":\"https:\\\/\\\/prosafebrands.com\\\/producto\\\/be-141-bota-buck-tan-casco-de-acero-dielectrico-2\\\/#primaryimage\"},\"image\":{\"@id\":\"https:\\\/\\\/prosafebrands.com\\\/producto\\\/be-141-bota-buck-tan-casco-de-acero-dielectrico-2\\\/#primaryimage\"},\"thumbnailUrl\":\"https:\\\/\\\/prosafebrands.com\\\/wp-content\\\/uploads\\\/2026\\\/02\\\/be-141-00-tan.jpg\",\"datePublished\":\"2026-02-25T20:14:20+00:00\",\"dateModified\":\"2026-04-07T21:11:26+00:00\",\"breadcrumb\":{\"@id\":\"https:\\\/\\\/prosafebrands.com\\\/producto\\\/be-141-bota-buck-tan-casco-de-acero-dielectrico-2\\\/#breadcrumb\"},\"inLanguage\":\"en-US\",\"potentialAction\":[{\"@type\":\"ReadAction\",\"target\":[\"https:\\\/\\\/prosafebrands.com\\\/producto\\\/be-141-bota-buck-tan-casco-de-acero-dielectrico-2\\\/\"]}]},{\"@type\":\"ImageObject\",\"inLanguage\":\"en-US\",\"@id\":\"https:\\\/\\\/prosafebrands.com\\\/producto\\\/be-141-bota-buck-tan-casco-de-acero-dielectrico-2\\\/#primaryimage\",\"url\":\"https:\\\/\\\/prosafebrands.com\\\/wp-content\\\/uploads\\\/2026\\\/02\\\/be-141-00-tan.jpg\",\"contentUrl\":\"https:\\\/\\\/prosafebrands.com\\\/wp-content\\\/uploads\\\/2026\\\/02\\\/be-141-00-tan.jpg\",\"width\":1200,\"height\":850},{\"@type\":\"BreadcrumbList\",\"@id\":\"https:\\\/\\\/prosafebrands.com\\\/producto\\\/be-141-bota-buck-tan-casco-de-acero-dielectrico-2\\\/#breadcrumb\",\"itemListElement\":[{\"@type\":\"ListItem\",\"position\":1,\"name\":\"Portada\",\"item\":\"https:\\\/\\\/prosafebrands.com\\\/\"},{\"@type\":\"ListItem\",\"position\":2,\"name\":\"Shop\",\"item\":\"https:\\\/\\\/prosafebrands.com\\\/en\\\/shop-2\\\/\"},{\"@type\":\"ListItem\",\"position\":3,\"name\":\"BE-141 BOTA BUCK TAN &#8211; CASCO DE ACERO DIEL\u00c9CTRICO\"}]},{\"@type\":\"WebSite\",\"@id\":\"https:\\\/\\\/prosafebrands.com\\\/#website\",\"url\":\"https:\\\/\\\/prosafebrands.com\\\/\",\"name\":\"Prosafe : Upgrade to Premium : Calzado Industrial y Ropa de Trabajo.\",\"description\":\"Distibuidor Exclusivo\u00a0para\u00a0Me\u0301xico\u00a0de: Reebok Work, Bekina Boots, HH Workwear, CAT\u00a0y\u00a0Puma\u00a0Workwear\",\"publisher\":{\"@id\":\"https:\\\/\\\/prosafebrands.com\\\/#organization\"},\"alternateName\":\"Prosafe : Upgrade to Premium : Calzado Industrial y Ropa de Trabajo.\",\"potentialAction\":[{\"@type\":\"SearchAction\",\"target\":{\"@type\":\"EntryPoint\",\"urlTemplate\":\"https:\\\/\\\/prosafebrands.com\\\/?s={search_term_string}\"},\"query-input\":{\"@type\":\"PropertyValueSpecification\",\"valueRequired\":true,\"valueName\":\"search_term_string\"}}],\"inLanguage\":\"en-US\"},{\"@type\":\"Organization\",\"@id\":\"https:\\\/\\\/prosafebrands.com\\\/#organization\",\"name\":\"Prosafe : Upgrade to Premium : Calzado Industrial y Ropa de Trabajo.\",\"alternateName\":\"Prosafe : Upgrade to Premium : Calzado Industrial y Ropa de Trabajo.\",\"url\":\"https:\\\/\\\/prosafebrands.com\\\/\",\"logo\":{\"@type\":\"ImageObject\",\"inLanguage\":\"en-US\",\"@id\":\"https:\\\/\\\/prosafebrands.com\\\/#\\\/schema\\\/logo\\\/image\\\/\",\"url\":\"https:\\\/\\\/prosafebrands.com\\\/wp-content\\\/uploads\\\/2024\\\/10\\\/logo-prosafe-gris-2024r.png\",\"contentUrl\":\"https:\\\/\\\/prosafebrands.com\\\/wp-content\\\/uploads\\\/2024\\\/10\\\/logo-prosafe-gris-2024r.png\",\"width\":293,\"height\":87,\"caption\":\"Prosafe : Upgrade to Premium : Calzado Industrial y Ropa de Trabajo.\"},\"image\":{\"@id\":\"https:\\\/\\\/prosafebrands.com\\\/#\\\/schema\\\/logo\\\/image\\\/\"},\"sameAs\":[\"https:\\\/\\\/www.instagram.com\\\/prosafebrands\\\/\"]}]}<\/script>\n<!-- \/ Yoast SEO plugin. -->","yoast_head_json":{"title":"BE-141 BOTA BUCK TAN - CASCO DE ACERO DIEL\u00c9CTRICO - Prosafe : Upgrade to Premium : Calzado Industrial y Ropa de Trabajo","robots":{"index":"index","follow":"follow","max-snippet":"max-snippet:-1","max-image-preview":"max-image-preview:large","max-video-preview":"max-video-preview:-1"},"canonical":"https:\/\/prosafebrands.com\/producto\/be-141-bota-buck-tan-casco-de-acero-dielectrico-2\/","og_locale":"en_US","og_type":"article","og_title":"BE-141 BOTA BUCK TAN - CASCO DE ACERO DIEL\u00c9CTRICO - Prosafe : Upgrade to Premium : Calzado Industrial y Ropa de Trabajo","og_description":"Suela Dual ambar   Hule vulcanizado  Ideal para uso rudo  Resistente a altas temperaturas  Resistente a la abrasi\u00f3n  No marca  Buena flexi\u00f3n  Construcci\u00f3n GoodYear strech-Welt   Estabilidad  Alto rendimiento  Durable  Ideal para uso rudo  \u00danico en su g\u00e9nero  Flexible  \u00a0Unisex Certificado bajo:  &nbsp;","og_url":"https:\/\/prosafebrands.com\/producto\/be-141-bota-buck-tan-casco-de-acero-dielectrico-2\/","og_site_name":"Prosafe : Upgrade to Premium : Calzado Industrial y Ropa de Trabajo","article_modified_time":"2026-04-07T21:11:26+00:00","og_image":[{"width":1200,"height":850,"url":"https:\/\/prosafebrands.com\/wp-content\/uploads\/2026\/02\/be-141-00-tan.jpg","type":"image\/jpeg"}],"twitter_card":"summary_large_image","twitter_misc":{"Est. reading time":"1 minute"},"schema":{"@context":"https:\/\/schema.org","@graph":[{"@type":"WebPage","@id":"https:\/\/prosafebrands.com\/producto\/be-141-bota-buck-tan-casco-de-acero-dielectrico-2\/","url":"https:\/\/prosafebrands.com\/producto\/be-141-bota-buck-tan-casco-de-acero-dielectrico-2\/","name":"BE-141 BOTA BUCK TAN - CASCO DE ACERO DIEL\u00c9CTRICO - Prosafe : Upgrade to Premium : Calzado Industrial y Ropa de Trabajo","isPartOf":{"@id":"https:\/\/prosafebrands.com\/#website"},"primaryImageOfPage":{"@id":"https:\/\/prosafebrands.com\/producto\/be-141-bota-buck-tan-casco-de-acero-dielectrico-2\/#primaryimage"},"image":{"@id":"https:\/\/prosafebrands.com\/producto\/be-141-bota-buck-tan-casco-de-acero-dielectrico-2\/#primaryimage"},"thumbnailUrl":"https:\/\/prosafebrands.com\/wp-content\/uploads\/2026\/02\/be-141-00-tan.jpg","datePublished":"2026-02-25T20:14:20+00:00","dateModified":"2026-04-07T21:11:26+00:00","breadcrumb":{"@id":"https:\/\/prosafebrands.com\/producto\/be-141-bota-buck-tan-casco-de-acero-dielectrico-2\/#breadcrumb"},"inLanguage":"en-US","potentialAction":[{"@type":"ReadAction","target":["https:\/\/prosafebrands.com\/producto\/be-141-bota-buck-tan-casco-de-acero-dielectrico-2\/"]}]},{"@type":"ImageObject","inLanguage":"en-US","@id":"https:\/\/prosafebrands.com\/producto\/be-141-bota-buck-tan-casco-de-acero-dielectrico-2\/#primaryimage","url":"https:\/\/prosafebrands.com\/wp-content\/uploads\/2026\/02\/be-141-00-tan.jpg","contentUrl":"https:\/\/prosafebrands.com\/wp-content\/uploads\/2026\/02\/be-141-00-tan.jpg","width":1200,"height":850},{"@type":"BreadcrumbList","@id":"https:\/\/prosafebrands.com\/producto\/be-141-bota-buck-tan-casco-de-acero-dielectrico-2\/#breadcrumb","itemListElement":[{"@type":"ListItem","position":1,"name":"Portada","item":"https:\/\/prosafebrands.com\/"},{"@type":"ListItem","position":2,"name":"Shop","item":"https:\/\/prosafebrands.com\/en\/shop-2\/"},{"@type":"ListItem","position":3,"name":"BE-141 BOTA BUCK TAN &#8211; CASCO DE ACERO DIEL\u00c9CTRICO"}]},{"@type":"WebSite","@id":"https:\/\/prosafebrands.com\/#website","url":"https:\/\/prosafebrands.com\/","name":"Prosafe : Upgrade to Premium : Calzado Industrial y Ropa de Trabajo.","description":"Distibuidor Exclusivo\u00a0para\u00a0Me\u0301xico\u00a0de: Reebok Work, Bekina Boots, HH Workwear, CAT\u00a0y\u00a0Puma\u00a0Workwear","publisher":{"@id":"https:\/\/prosafebrands.com\/#organization"},"alternateName":"Prosafe : Upgrade to Premium : Calzado Industrial y Ropa de Trabajo.","potentialAction":[{"@type":"SearchAction","target":{"@type":"EntryPoint","urlTemplate":"https:\/\/prosafebrands.com\/?s={search_term_string}"},"query-input":{"@type":"PropertyValueSpecification","valueRequired":true,"valueName":"search_term_string"}}],"inLanguage":"en-US"},{"@type":"Organization","@id":"https:\/\/prosafebrands.com\/#organization","name":"Prosafe : Upgrade to Premium : Calzado Industrial y Ropa de Trabajo.","alternateName":"Prosafe : Upgrade to Premium : Calzado Industrial y Ropa de Trabajo.","url":"https:\/\/prosafebrands.com\/","logo":{"@type":"ImageObject","inLanguage":"en-US","@id":"https:\/\/prosafebrands.com\/#\/schema\/logo\/image\/","url":"https:\/\/prosafebrands.com\/wp-content\/uploads\/2024\/10\/logo-prosafe-gris-2024r.png","contentUrl":"https:\/\/prosafebrands.com\/wp-content\/uploads\/2024\/10\/logo-prosafe-gris-2024r.png","width":293,"height":87,"caption":"Prosafe : Upgrade to Premium : Calzado Industrial y Ropa de Trabajo."},"image":{"@id":"https:\/\/prosafebrands.com\/#\/schema\/logo\/image\/"},"sameAs":["https:\/\/www.instagram.com\/prosafebrands\/"]}]}},"_links":{"self":[{"href":"https:\/\/prosafebrands.com\/en\/wp-json\/wp\/v2\/product\/105191","targetHints":{"allow":["GET"]}}],"collection":[{"href":"https:\/\/prosafebrands.com\/en\/wp-json\/wp\/v2\/product"}],"about":[{"href":"https:\/\/prosafebrands.com\/en\/wp-json\/wp\/v2\/types\/product"}],"replies":[{"embeddable":true,"href":"https:\/\/prosafebrands.com\/en\/wp-json\/wp\/v2\/comments?post=105191"}],"wp:featuredmedia":[{"embeddable":true,"href":"https:\/\/prosafebrands.com\/en\/wp-json\/wp\/v2\/media\/105167"}],"wp:attachment":[{"href":"https:\/\/prosafebrands.com\/en\/wp-json\/wp\/v2\/media?parent=105191"}],"wp:term":[{"taxonomy":"product_brand","embeddable":true,"href":"https:\/\/prosafebrands.com\/en\/wp-json\/wp\/v2\/product_brand?post=105191"},{"taxonomy":"product_cat","embeddable":true,"href":"https:\/\/prosafebrands.com\/en\/wp-json\/wp\/v2\/product_cat?post=105191"},{"taxonomy":"product_tag","embeddable":true,"href":"https:\/\/prosafebrands.com\/en\/wp-json\/wp\/v2\/product_tag?post=105191"}],"curies":[{"name":"wp","href":"https:\/\/api.w.org\/{rel}","templated":true}]}}