{"id":105131,"date":"2026-02-11T11:48:37","date_gmt":"2026-02-11T17:48:37","guid":{"rendered":"https:\/\/prosafebrands.com\/?post_type=product&#038;p=105131"},"modified":"2026-04-07T15:11:26","modified_gmt":"2026-04-07T21:11:26","slug":"bk9904-steplitex-solid-grip-puntera-y-plantilla-antiperforacion-no-metalica-s5-amarillo","status":"publish","type":"product","link":"https:\/\/prosafebrands.com\/en\/product\/bk9904-steplitex-solid-grip-puntera-y-plantilla-antiperforacion-no-metalica-s5-amarillo\/","title":{"rendered":"BK9904 &#8211; StepliteX Solid Grip, puntera y plantilla antiperforaci\u00f3n no met\u00e1lica (S5) Amarillo"},"content":{"rendered":"<h3>CARACTER\u00cdSTICAS<\/h3>\n<ul>\n<li>Resistente al corte<\/li>\n<li>Agarre de escalera en la suela para mayor seguridad<\/li>\n<li>Horma m\u00e1s ancha<\/li>\n<li>Puntera extra alta para una protecci\u00f3n \u00f3ptima<\/li>\n<li>Excelente agarre incluso en superficies h\u00famedas y aceitosas (suela certificada<br \/>\nSRC)<\/li>\n<li>Espol\u00f3n quita botas: f\u00e1cil a ponerse o quitarse las botas<\/li>\n<li>Resistente al esti\u00e9rcol, las grasas, los aceites y los productos qu\u00edmicos<\/li>\n<li>F\u00e1cil a limpiar y desinfectar<\/li>\n<li>Resistente a la descarga el\u00e9ctrica de 18.000 voltios durante 1 minuto<\/li>\n<li>ASTM F2413-18<\/li>\n<li>CSA Z195<\/li>\n<\/ul>\n","protected":false},"excerpt":{"rendered":"<p><strong>MATERIAL CORTE Y SUELA: <\/strong>Poliuretano NEOTANE<br \/>\n<strong>PUNTERA DE PROTECCI\u00d3N: <\/strong>No Met\u00e1lica<br \/>\n<strong>USO RECOMENDADO: <\/strong>Miner\u00eda, Construcci\u00f3n e Industria General<br \/>\n<strong>TEMPERATURA:<\/strong> -30\u00b0C \/ -22\u00b0F<\/p>\n<p><img decoding=\"async\" class=\"alignnone wp-image-105123 size-medium\" src=\"https:\/\/prosafebrands.com\/wp-content\/uploads\/2026\/02\/bk9904-steplitex-grados-300x113.jpg\" alt=\"\" width=\"300\" height=\"113\" srcset=\"https:\/\/prosafebrands.com\/wp-content\/uploads\/2026\/02\/bk9904-steplitex-grados-300x113.jpg 300w, https:\/\/prosafebrands.com\/wp-content\/uploads\/2026\/02\/bk9904-steplitex-grados-64x24.jpg 64w, https:\/\/prosafebrands.com\/wp-content\/uploads\/2026\/02\/bk9904-steplitex-grados.jpg 400w\" sizes=\"(max-width: 300px) 100vw, 300px\" \/><\/p>\n<p><img decoding=\"async\" class=\"alignleft wp-image-103759 size-full\" src=\"https:\/\/prosafebrands.com\/wp-content\/uploads\/2024\/11\/bk9903-certificaciones-e1730502318663.jpg\" alt=\"\" width=\"532\" height=\"207\" srcset=\"https:\/\/prosafebrands.com\/wp-content\/uploads\/2024\/11\/bk9903-certificaciones-e1730502318663.jpg 532w, https:\/\/prosafebrands.com\/wp-content\/uploads\/2024\/11\/bk9903-certificaciones-e1730502318663-480x207.jpg 480w\" sizes=\"(min-width: 0px) and (max-width: 480px) 480px, (min-width: 481px) 532px, 100vw\" \/><\/p>\n","protected":false},"featured_media":105127,"comment_status":"closed","ping_status":"closed","template":"","meta":{"_et_pb_use_builder":"","_et_pb_old_content":"{\"total\":73,\"to_translate\":{\"en\":73}}","_et_gb_content_width":""},"product_brand":[],"product_cat":[44,226],"product_tag":[48,47,49,330],"class_list":{"0":"post-105131","1":"product","2":"type-product","3":"status-publish","4":"has-post-thumbnail","6":"product_cat-bekina-boots","7":"product_cat-construccion-e-industria-general","8":"product_tag-boots","9":"product_tag-botas","10":"product_tag-botas-de-seguridad","11":"product_tag-industrial","13":"first","14":"instock","15":"taxable","16":"shipping-taxable","17":"purchasable","18":"product-type-variable"},"yoast_head":"<!-- This site is optimized with the Yoast SEO plugin v27.4 - https:\/\/yoast.com\/product\/yoast-seo-wordpress\/ -->\n<title>BK9904 - StepliteX Solid Grip, puntera y plantilla antiperforaci\u00f3n no met\u00e1lica (S5) Amarillo - Prosafe : Upgrade to Premium : Calzado Industrial y Ropa de Trabajo<\/title>\n<meta name=\"robots\" content=\"index, follow, max-snippet:-1, max-image-preview:large, max-video-preview:-1\" \/>\n<link rel=\"canonical\" href=\"https:\/\/prosafebrands.com\/producto\/bk9904-steplitex-solid-grip-puntera-y-plantilla-antiperforacion-no-metalica-s5-amarillo\/\" \/>\n<meta property=\"og:locale\" content=\"en_US\" \/>\n<meta property=\"og:type\" content=\"article\" \/>\n<meta property=\"og:title\" content=\"BK9904 - StepliteX Solid Grip, puntera y plantilla antiperforaci\u00f3n no met\u00e1lica (S5) Amarillo - Prosafe : Upgrade to Premium : Calzado Industrial y Ropa de Trabajo\" \/>\n<meta property=\"og:description\" content=\"MATERIAL CORTE Y SUELA: Poliuretano NEOTANE PUNTERA DE PROTECCI\u00d3N: No Met\u00e1lica USO RECOMENDADO: Miner\u00eda, Construcci\u00f3n e Industria General TEMPERATURA: -30\u00b0C \/ -22\u00b0F\" \/>\n<meta property=\"og:url\" content=\"https:\/\/prosafebrands.com\/producto\/bk9904-steplitex-solid-grip-puntera-y-plantilla-antiperforacion-no-metalica-s5-amarillo\/\" \/>\n<meta property=\"og:site_name\" content=\"Prosafe : Upgrade to Premium : Calzado Industrial y Ropa de Trabajo\" \/>\n<meta property=\"article:modified_time\" content=\"2026-04-07T21:11:26+00:00\" \/>\n<meta property=\"og:image\" content=\"https:\/\/prosafebrands.com\/wp-content\/uploads\/2026\/02\/bk9904-steplitex-01.jpg\" \/>\n\t<meta property=\"og:image:width\" content=\"1200\" \/>\n\t<meta property=\"og:image:height\" content=\"1200\" \/>\n\t<meta property=\"og:image:type\" content=\"image\/jpeg\" \/>\n<meta name=\"twitter:card\" content=\"summary_large_image\" \/>\n<meta name=\"twitter:label1\" content=\"Est. reading time\" \/>\n\t<meta name=\"twitter:data1\" content=\"1 minute\" \/>\n<script type=\"application\/ld+json\" class=\"yoast-schema-graph\">{\"@context\":\"https:\\\/\\\/schema.org\",\"@graph\":[{\"@type\":\"WebPage\",\"@id\":\"https:\\\/\\\/prosafebrands.com\\\/producto\\\/bk9904-steplitex-solid-grip-puntera-y-plantilla-antiperforacion-no-metalica-s5-amarillo\\\/\",\"url\":\"https:\\\/\\\/prosafebrands.com\\\/producto\\\/bk9904-steplitex-solid-grip-puntera-y-plantilla-antiperforacion-no-metalica-s5-amarillo\\\/\",\"name\":\"BK9904 - StepliteX Solid Grip, puntera y plantilla antiperforaci\u00f3n no met\u00e1lica (S5) Amarillo - Prosafe : Upgrade to Premium : Calzado Industrial y Ropa de Trabajo\",\"isPartOf\":{\"@id\":\"https:\\\/\\\/prosafebrands.com\\\/#website\"},\"primaryImageOfPage\":{\"@id\":\"https:\\\/\\\/prosafebrands.com\\\/producto\\\/bk9904-steplitex-solid-grip-puntera-y-plantilla-antiperforacion-no-metalica-s5-amarillo\\\/#primaryimage\"},\"image\":{\"@id\":\"https:\\\/\\\/prosafebrands.com\\\/producto\\\/bk9904-steplitex-solid-grip-puntera-y-plantilla-antiperforacion-no-metalica-s5-amarillo\\\/#primaryimage\"},\"thumbnailUrl\":\"https:\\\/\\\/prosafebrands.com\\\/wp-content\\\/uploads\\\/2026\\\/02\\\/bk9904-steplitex-01.jpg\",\"datePublished\":\"2026-02-11T17:48:37+00:00\",\"dateModified\":\"2026-04-07T21:11:26+00:00\",\"breadcrumb\":{\"@id\":\"https:\\\/\\\/prosafebrands.com\\\/producto\\\/bk9904-steplitex-solid-grip-puntera-y-plantilla-antiperforacion-no-metalica-s5-amarillo\\\/#breadcrumb\"},\"inLanguage\":\"en-US\",\"potentialAction\":[{\"@type\":\"ReadAction\",\"target\":[\"https:\\\/\\\/prosafebrands.com\\\/producto\\\/bk9904-steplitex-solid-grip-puntera-y-plantilla-antiperforacion-no-metalica-s5-amarillo\\\/\"]}]},{\"@type\":\"ImageObject\",\"inLanguage\":\"en-US\",\"@id\":\"https:\\\/\\\/prosafebrands.com\\\/producto\\\/bk9904-steplitex-solid-grip-puntera-y-plantilla-antiperforacion-no-metalica-s5-amarillo\\\/#primaryimage\",\"url\":\"https:\\\/\\\/prosafebrands.com\\\/wp-content\\\/uploads\\\/2026\\\/02\\\/bk9904-steplitex-01.jpg\",\"contentUrl\":\"https:\\\/\\\/prosafebrands.com\\\/wp-content\\\/uploads\\\/2026\\\/02\\\/bk9904-steplitex-01.jpg\",\"width\":1200,\"height\":1200},{\"@type\":\"BreadcrumbList\",\"@id\":\"https:\\\/\\\/prosafebrands.com\\\/producto\\\/bk9904-steplitex-solid-grip-puntera-y-plantilla-antiperforacion-no-metalica-s5-amarillo\\\/#breadcrumb\",\"itemListElement\":[{\"@type\":\"ListItem\",\"position\":1,\"name\":\"Portada\",\"item\":\"https:\\\/\\\/prosafebrands.com\\\/\"},{\"@type\":\"ListItem\",\"position\":2,\"name\":\"Shop\",\"item\":\"https:\\\/\\\/prosafebrands.com\\\/en\\\/shop-2\\\/\"},{\"@type\":\"ListItem\",\"position\":3,\"name\":\"BK9904 &#8211; StepliteX Solid Grip, puntera y plantilla antiperforaci\u00f3n no met\u00e1lica (S5) Amarillo\"}]},{\"@type\":\"WebSite\",\"@id\":\"https:\\\/\\\/prosafebrands.com\\\/#website\",\"url\":\"https:\\\/\\\/prosafebrands.com\\\/\",\"name\":\"Prosafe : Upgrade to Premium : Calzado Industrial y Ropa de Trabajo.\",\"description\":\"Distibuidor Exclusivo\u00a0para\u00a0Me\u0301xico\u00a0de: Reebok Work, Bekina Boots, HH Workwear, CAT\u00a0y\u00a0Puma\u00a0Workwear\",\"publisher\":{\"@id\":\"https:\\\/\\\/prosafebrands.com\\\/#organization\"},\"alternateName\":\"Prosafe : Upgrade to Premium : Calzado Industrial y Ropa de Trabajo.\",\"potentialAction\":[{\"@type\":\"SearchAction\",\"target\":{\"@type\":\"EntryPoint\",\"urlTemplate\":\"https:\\\/\\\/prosafebrands.com\\\/?s={search_term_string}\"},\"query-input\":{\"@type\":\"PropertyValueSpecification\",\"valueRequired\":true,\"valueName\":\"search_term_string\"}}],\"inLanguage\":\"en-US\"},{\"@type\":\"Organization\",\"@id\":\"https:\\\/\\\/prosafebrands.com\\\/#organization\",\"name\":\"Prosafe : Upgrade to Premium : Calzado Industrial y Ropa de Trabajo.\",\"alternateName\":\"Prosafe : Upgrade to Premium : Calzado Industrial y Ropa de Trabajo.\",\"url\":\"https:\\\/\\\/prosafebrands.com\\\/\",\"logo\":{\"@type\":\"ImageObject\",\"inLanguage\":\"en-US\",\"@id\":\"https:\\\/\\\/prosafebrands.com\\\/#\\\/schema\\\/logo\\\/image\\\/\",\"url\":\"https:\\\/\\\/prosafebrands.com\\\/wp-content\\\/uploads\\\/2024\\\/10\\\/logo-prosafe-gris-2024r.png\",\"contentUrl\":\"https:\\\/\\\/prosafebrands.com\\\/wp-content\\\/uploads\\\/2024\\\/10\\\/logo-prosafe-gris-2024r.png\",\"width\":293,\"height\":87,\"caption\":\"Prosafe : Upgrade to Premium : Calzado Industrial y Ropa de Trabajo.\"},\"image\":{\"@id\":\"https:\\\/\\\/prosafebrands.com\\\/#\\\/schema\\\/logo\\\/image\\\/\"},\"sameAs\":[\"https:\\\/\\\/www.instagram.com\\\/prosafebrands\\\/\"]}]}<\/script>\n<!-- \/ Yoast SEO plugin. -->","yoast_head_json":{"title":"BK9904 - StepliteX Solid Grip, puntera y plantilla antiperforaci\u00f3n no met\u00e1lica (S5) Amarillo - Prosafe : Upgrade to Premium : Calzado Industrial y Ropa de Trabajo","robots":{"index":"index","follow":"follow","max-snippet":"max-snippet:-1","max-image-preview":"max-image-preview:large","max-video-preview":"max-video-preview:-1"},"canonical":"https:\/\/prosafebrands.com\/producto\/bk9904-steplitex-solid-grip-puntera-y-plantilla-antiperforacion-no-metalica-s5-amarillo\/","og_locale":"en_US","og_type":"article","og_title":"BK9904 - StepliteX Solid Grip, puntera y plantilla antiperforaci\u00f3n no met\u00e1lica (S5) Amarillo - Prosafe : Upgrade to Premium : Calzado Industrial y Ropa de Trabajo","og_description":"MATERIAL CORTE Y SUELA: Poliuretano NEOTANE PUNTERA DE PROTECCI\u00d3N: No Met\u00e1lica USO RECOMENDADO: Miner\u00eda, Construcci\u00f3n e Industria General TEMPERATURA: -30\u00b0C \/ -22\u00b0F","og_url":"https:\/\/prosafebrands.com\/producto\/bk9904-steplitex-solid-grip-puntera-y-plantilla-antiperforacion-no-metalica-s5-amarillo\/","og_site_name":"Prosafe : Upgrade to Premium : Calzado Industrial y Ropa de Trabajo","article_modified_time":"2026-04-07T21:11:26+00:00","og_image":[{"width":1200,"height":1200,"url":"https:\/\/prosafebrands.com\/wp-content\/uploads\/2026\/02\/bk9904-steplitex-01.jpg","type":"image\/jpeg"}],"twitter_card":"summary_large_image","twitter_misc":{"Est. reading time":"1 minute"},"schema":{"@context":"https:\/\/schema.org","@graph":[{"@type":"WebPage","@id":"https:\/\/prosafebrands.com\/producto\/bk9904-steplitex-solid-grip-puntera-y-plantilla-antiperforacion-no-metalica-s5-amarillo\/","url":"https:\/\/prosafebrands.com\/producto\/bk9904-steplitex-solid-grip-puntera-y-plantilla-antiperforacion-no-metalica-s5-amarillo\/","name":"BK9904 - StepliteX Solid Grip, puntera y plantilla antiperforaci\u00f3n no met\u00e1lica (S5) Amarillo - Prosafe : Upgrade to Premium : Calzado Industrial y Ropa de Trabajo","isPartOf":{"@id":"https:\/\/prosafebrands.com\/#website"},"primaryImageOfPage":{"@id":"https:\/\/prosafebrands.com\/producto\/bk9904-steplitex-solid-grip-puntera-y-plantilla-antiperforacion-no-metalica-s5-amarillo\/#primaryimage"},"image":{"@id":"https:\/\/prosafebrands.com\/producto\/bk9904-steplitex-solid-grip-puntera-y-plantilla-antiperforacion-no-metalica-s5-amarillo\/#primaryimage"},"thumbnailUrl":"https:\/\/prosafebrands.com\/wp-content\/uploads\/2026\/02\/bk9904-steplitex-01.jpg","datePublished":"2026-02-11T17:48:37+00:00","dateModified":"2026-04-07T21:11:26+00:00","breadcrumb":{"@id":"https:\/\/prosafebrands.com\/producto\/bk9904-steplitex-solid-grip-puntera-y-plantilla-antiperforacion-no-metalica-s5-amarillo\/#breadcrumb"},"inLanguage":"en-US","potentialAction":[{"@type":"ReadAction","target":["https:\/\/prosafebrands.com\/producto\/bk9904-steplitex-solid-grip-puntera-y-plantilla-antiperforacion-no-metalica-s5-amarillo\/"]}]},{"@type":"ImageObject","inLanguage":"en-US","@id":"https:\/\/prosafebrands.com\/producto\/bk9904-steplitex-solid-grip-puntera-y-plantilla-antiperforacion-no-metalica-s5-amarillo\/#primaryimage","url":"https:\/\/prosafebrands.com\/wp-content\/uploads\/2026\/02\/bk9904-steplitex-01.jpg","contentUrl":"https:\/\/prosafebrands.com\/wp-content\/uploads\/2026\/02\/bk9904-steplitex-01.jpg","width":1200,"height":1200},{"@type":"BreadcrumbList","@id":"https:\/\/prosafebrands.com\/producto\/bk9904-steplitex-solid-grip-puntera-y-plantilla-antiperforacion-no-metalica-s5-amarillo\/#breadcrumb","itemListElement":[{"@type":"ListItem","position":1,"name":"Portada","item":"https:\/\/prosafebrands.com\/"},{"@type":"ListItem","position":2,"name":"Shop","item":"https:\/\/prosafebrands.com\/en\/shop-2\/"},{"@type":"ListItem","position":3,"name":"BK9904 &#8211; StepliteX Solid Grip, puntera y plantilla antiperforaci\u00f3n no met\u00e1lica (S5) Amarillo"}]},{"@type":"WebSite","@id":"https:\/\/prosafebrands.com\/#website","url":"https:\/\/prosafebrands.com\/","name":"Prosafe : Upgrade to Premium : Calzado Industrial y Ropa de Trabajo.","description":"Distibuidor Exclusivo\u00a0para\u00a0Me\u0301xico\u00a0de: Reebok Work, Bekina Boots, HH Workwear, CAT\u00a0y\u00a0Puma\u00a0Workwear","publisher":{"@id":"https:\/\/prosafebrands.com\/#organization"},"alternateName":"Prosafe : Upgrade to Premium : Calzado Industrial y Ropa de Trabajo.","potentialAction":[{"@type":"SearchAction","target":{"@type":"EntryPoint","urlTemplate":"https:\/\/prosafebrands.com\/?s={search_term_string}"},"query-input":{"@type":"PropertyValueSpecification","valueRequired":true,"valueName":"search_term_string"}}],"inLanguage":"en-US"},{"@type":"Organization","@id":"https:\/\/prosafebrands.com\/#organization","name":"Prosafe : Upgrade to Premium : Calzado Industrial y Ropa de Trabajo.","alternateName":"Prosafe : Upgrade to Premium : Calzado Industrial y Ropa de Trabajo.","url":"https:\/\/prosafebrands.com\/","logo":{"@type":"ImageObject","inLanguage":"en-US","@id":"https:\/\/prosafebrands.com\/#\/schema\/logo\/image\/","url":"https:\/\/prosafebrands.com\/wp-content\/uploads\/2024\/10\/logo-prosafe-gris-2024r.png","contentUrl":"https:\/\/prosafebrands.com\/wp-content\/uploads\/2024\/10\/logo-prosafe-gris-2024r.png","width":293,"height":87,"caption":"Prosafe : Upgrade to Premium : Calzado Industrial y Ropa de Trabajo."},"image":{"@id":"https:\/\/prosafebrands.com\/#\/schema\/logo\/image\/"},"sameAs":["https:\/\/www.instagram.com\/prosafebrands\/"]}]}},"_links":{"self":[{"href":"https:\/\/prosafebrands.com\/en\/wp-json\/wp\/v2\/product\/105131","targetHints":{"allow":["GET"]}}],"collection":[{"href":"https:\/\/prosafebrands.com\/en\/wp-json\/wp\/v2\/product"}],"about":[{"href":"https:\/\/prosafebrands.com\/en\/wp-json\/wp\/v2\/types\/product"}],"replies":[{"embeddable":true,"href":"https:\/\/prosafebrands.com\/en\/wp-json\/wp\/v2\/comments?post=105131"}],"wp:featuredmedia":[{"embeddable":true,"href":"https:\/\/prosafebrands.com\/en\/wp-json\/wp\/v2\/media\/105127"}],"wp:attachment":[{"href":"https:\/\/prosafebrands.com\/en\/wp-json\/wp\/v2\/media?parent=105131"}],"wp:term":[{"taxonomy":"product_brand","embeddable":true,"href":"https:\/\/prosafebrands.com\/en\/wp-json\/wp\/v2\/product_brand?post=105131"},{"taxonomy":"product_cat","embeddable":true,"href":"https:\/\/prosafebrands.com\/en\/wp-json\/wp\/v2\/product_cat?post=105131"},{"taxonomy":"product_tag","embeddable":true,"href":"https:\/\/prosafebrands.com\/en\/wp-json\/wp\/v2\/product_tag?post=105131"}],"curies":[{"name":"wp","href":"https:\/\/api.w.org\/{rel}","templated":true}]}}