{"id":104777,"date":"2025-10-28T13:23:47","date_gmt":"2025-10-28T19:23:47","guid":{"rendered":"https:\/\/prosafebrands.com\/product\/rbmx6650-hyperium-tactical\/"},"modified":"2026-04-07T15:11:20","modified_gmt":"2026-04-07T21:11:20","slug":"rbmx6650-hyperium-tactical","status":"publish","type":"product","link":"https:\/\/prosafebrands.com\/en\/product\/rbmx6650-hyperium-tactical\/","title":{"rendered":"RBMX6650 &#8211; HYPERIUM TACTICAL"},"content":{"rendered":"<h3>CARACTER\u00cdSTICAS T\u00c9CNICAS<\/h3>\n<ul>\n<li>Suela de hule resistente al resbalamiento y aceites.<\/li>\n<li>Calzado Diel\u00e9ctrico.<\/li>\n<li>Sin casco de protecci\u00f3n.<\/li>\n<li>Cierre lateral.<\/li>\n<\/ul>\n","protected":false},"excerpt":{"rendered":"<p><strong>CORTE: <\/strong>Textil Respirable, ultraligero ofrece un buen soporte, flexibilidad y durabilidad.<\/p>\n<p><strong>FORRO: <\/strong>Malla de nylon que absorbe la humedad.<\/p>\n<p><strong>PLANTILLA: <\/strong>MemoryTech Extra\u00edble. Ideal para absorber impacto.<\/p>\n<p><strong>ENTRESUELA: <\/strong>EVA La amortiguaci\u00f3n de la entresuela FuelFoam proporciona un paso en comodidad y soporte duradero.<\/p>\n<p><strong>CONSTRUCCI\u00d3N DE FABRICACI\u00d3N: <\/strong>Pegado se distingue por su confort, ligereza y gran flexibilidad.<\/p>\n<p><strong>CALZADO DIEL\u00c9CTRICO: <\/strong>Este calzado provee al usuario una protecci\u00f3n secundaria en riesgo de choque el\u00e9ctrico.<\/p>\n<p><strong>CHASIS: <\/strong>Anti Torsi\u00f3n provee mejor soporte.<\/p>\n<p><strong>SUELA SRO: <\/strong>Suela de hule resistente al resbalamiento y aceites. La suela fue dise\u00f1ada para tener un nivel superior de agarre en distintas superficies.<\/p>\n<p><strong>CIERRE LATERAL:\u00a0<\/strong><\/p>\n<p><strong>SIN CASCO<\/strong><\/p>\n<p><strong>USO RECOMENDADO:<\/strong> Trabajo Extra-Pesado<\/p>\n<p><img decoding=\"async\" class=\"alignnone size-full wp-image-104797\" src=\"https:\/\/prosafebrands.com\/wp-content\/uploads\/2025\/10\/rebook-ico-dielectrico-sin-casco.jpg\" alt=\"\" width=\"600\" height=\"100\" srcset=\"https:\/\/prosafebrands.com\/wp-content\/uploads\/2025\/10\/rebook-ico-dielectrico-sin-casco.jpg 600w, https:\/\/prosafebrands.com\/wp-content\/uploads\/2025\/10\/rebook-ico-dielectrico-sin-casco-480x80.jpg 480w\" sizes=\"(min-width: 0px) and (max-width: 480px) 480px, (min-width: 481px) 600px, 100vw\" \/><\/p>\n<p><img decoding=\"async\" class=\"alignnone size-full wp-image-104786\" src=\"https:\/\/prosafebrands.com\/wp-content\/uploads\/2025\/10\/rebook-ico-noms-2025.jpg\" alt=\"\" width=\"600\" height=\"100\" srcset=\"https:\/\/prosafebrands.com\/wp-content\/uploads\/2025\/10\/rebook-ico-noms-2025.jpg 600w, https:\/\/prosafebrands.com\/wp-content\/uploads\/2025\/10\/rebook-ico-noms-2025-480x80.jpg 480w\" sizes=\"(min-width: 0px) and (max-width: 480px) 480px, (min-width: 481px) 600px, 100vw\" \/><\/p>\n<p><img decoding=\"async\" class=\"alignnone size-full wp-image-104871\" src=\"https:\/\/prosafebrands.com\/wp-content\/uploads\/2025\/10\/ico-slip-resistant.jpg\" alt=\"\" width=\"600\" height=\"100\" srcset=\"https:\/\/prosafebrands.com\/wp-content\/uploads\/2025\/10\/ico-slip-resistant.jpg 600w, https:\/\/prosafebrands.com\/wp-content\/uploads\/2025\/10\/ico-slip-resistant-480x80.jpg 480w\" sizes=\"(min-width: 0px) and (max-width: 480px) 480px, (min-width: 481px) 600px, 100vw\" \/><\/p>\n","protected":false},"featured_media":104767,"comment_status":"closed","ping_status":"closed","template":"","meta":{"_et_pb_use_builder":"","_et_pb_old_content":"","_et_gb_content_width":""},"product_brand":[],"product_cat":[229,230,228],"product_tag":[],"class_list":{"0":"post-104777","1":"product","2":"type-product","3":"status-publish","4":"has-post-thumbnail","6":"product_cat-caballero-reebok-work","7":"product_cat-dielectrico-reebok-work","8":"product_cat-reebok-work","10":"first","11":"instock","12":"taxable","13":"shipping-taxable","14":"purchasable","15":"product-type-variable"},"yoast_head":"<!-- This site is optimized with the Yoast SEO plugin v27.4 - https:\/\/yoast.com\/product\/yoast-seo-wordpress\/ -->\n<title>RBMX6650 - HYPERIUM TACTICAL - Prosafe : Upgrade to Premium : Calzado Industrial y Ropa de Trabajo<\/title>\n<meta name=\"robots\" content=\"index, follow, max-snippet:-1, max-image-preview:large, max-video-preview:-1\" \/>\n<link rel=\"canonical\" href=\"https:\/\/prosafebrands.com\/producto\/rbmx6650-hyperium-tactical\/\" \/>\n<meta property=\"og:locale\" content=\"en_US\" \/>\n<meta property=\"og:type\" content=\"article\" \/>\n<meta property=\"og:title\" content=\"RBMX6650 - HYPERIUM TACTICAL - Prosafe : Upgrade to Premium : Calzado Industrial y Ropa de Trabajo\" \/>\n<meta property=\"og:description\" content=\"CORTE: Textil Respirable, ultraligero ofrece un buen soporte, flexibilidad y durabilidad.  FORRO: Malla de nylon que absorbe la humedad.  PLANTILLA: MemoryTech Extra\u00edble. Ideal para absorber impacto.  ENTRESUELA: EVA La amortiguaci\u00f3n de la entresuela FuelFoam proporciona un paso en comodidad y soporte duradero.  CONSTRUCCI\u00d3N DE FABRICACI\u00d3N: Pegado se distingue por su confort, ligereza y gran flexibilidad.  CALZADO DIEL\u00c9CTRICO: Este calzado provee al usuario una protecci\u00f3n secundaria en riesgo de choque el\u00e9ctrico.  CHASIS: Anti Torsi\u00f3n provee mejor soporte.  SUELA SRO: Suela de hule resistente al resbalamiento y aceites. La suela fue dise\u00f1ada para tener un nivel superior de agarre en distintas superficies.  CIERRE LATERAL:\u00a0  SIN CASCO  USO RECOMENDADO: Trabajo Extra-Pesado\" \/>\n<meta property=\"og:url\" content=\"https:\/\/prosafebrands.com\/producto\/rbmx6650-hyperium-tactical\/\" \/>\n<meta property=\"og:site_name\" content=\"Prosafe : Upgrade to Premium : Calzado Industrial y Ropa de Trabajo\" \/>\n<meta property=\"article:modified_time\" content=\"2026-04-07T21:11:20+00:00\" \/>\n<meta property=\"og:image\" content=\"https:\/\/prosafebrands.com\/wp-content\/uploads\/2025\/10\/rbmx6650-01.jpg\" \/>\n\t<meta property=\"og:image:width\" content=\"1200\" \/>\n\t<meta property=\"og:image:height\" content=\"850\" \/>\n\t<meta property=\"og:image:type\" content=\"image\/jpeg\" \/>\n<meta name=\"twitter:card\" content=\"summary_large_image\" \/>\n<meta name=\"twitter:label1\" content=\"Est. reading time\" \/>\n\t<meta name=\"twitter:data1\" content=\"1 minute\" \/>\n<script type=\"application\/ld+json\" class=\"yoast-schema-graph\">{\"@context\":\"https:\\\/\\\/schema.org\",\"@graph\":[{\"@type\":\"WebPage\",\"@id\":\"https:\\\/\\\/prosafebrands.com\\\/producto\\\/rbmx6650-hyperium-tactical\\\/\",\"url\":\"https:\\\/\\\/prosafebrands.com\\\/producto\\\/rbmx6650-hyperium-tactical\\\/\",\"name\":\"RBMX6650 - HYPERIUM TACTICAL - Prosafe : Upgrade to Premium : Calzado Industrial y Ropa de Trabajo\",\"isPartOf\":{\"@id\":\"https:\\\/\\\/prosafebrands.com\\\/#website\"},\"primaryImageOfPage\":{\"@id\":\"https:\\\/\\\/prosafebrands.com\\\/producto\\\/rbmx6650-hyperium-tactical\\\/#primaryimage\"},\"image\":{\"@id\":\"https:\\\/\\\/prosafebrands.com\\\/producto\\\/rbmx6650-hyperium-tactical\\\/#primaryimage\"},\"thumbnailUrl\":\"https:\\\/\\\/prosafebrands.com\\\/wp-content\\\/uploads\\\/2025\\\/10\\\/rbmx6650-01.jpg\",\"datePublished\":\"2025-10-28T19:23:47+00:00\",\"dateModified\":\"2026-04-07T21:11:20+00:00\",\"breadcrumb\":{\"@id\":\"https:\\\/\\\/prosafebrands.com\\\/producto\\\/rbmx6650-hyperium-tactical\\\/#breadcrumb\"},\"inLanguage\":\"en-US\",\"potentialAction\":[{\"@type\":\"ReadAction\",\"target\":[\"https:\\\/\\\/prosafebrands.com\\\/producto\\\/rbmx6650-hyperium-tactical\\\/\"]}]},{\"@type\":\"ImageObject\",\"inLanguage\":\"en-US\",\"@id\":\"https:\\\/\\\/prosafebrands.com\\\/producto\\\/rbmx6650-hyperium-tactical\\\/#primaryimage\",\"url\":\"https:\\\/\\\/prosafebrands.com\\\/wp-content\\\/uploads\\\/2025\\\/10\\\/rbmx6650-01.jpg\",\"contentUrl\":\"https:\\\/\\\/prosafebrands.com\\\/wp-content\\\/uploads\\\/2025\\\/10\\\/rbmx6650-01.jpg\",\"width\":1200,\"height\":850},{\"@type\":\"BreadcrumbList\",\"@id\":\"https:\\\/\\\/prosafebrands.com\\\/producto\\\/rbmx6650-hyperium-tactical\\\/#breadcrumb\",\"itemListElement\":[{\"@type\":\"ListItem\",\"position\":1,\"name\":\"Portada\",\"item\":\"https:\\\/\\\/prosafebrands.com\\\/\"},{\"@type\":\"ListItem\",\"position\":2,\"name\":\"Shop\",\"item\":\"https:\\\/\\\/prosafebrands.com\\\/en\\\/shop-2\\\/\"},{\"@type\":\"ListItem\",\"position\":3,\"name\":\"RBMX6650 &#8211; HYPERIUM TACTICAL\"}]},{\"@type\":\"WebSite\",\"@id\":\"https:\\\/\\\/prosafebrands.com\\\/#website\",\"url\":\"https:\\\/\\\/prosafebrands.com\\\/\",\"name\":\"Prosafe : Upgrade to Premium : Calzado Industrial y Ropa de Trabajo.\",\"description\":\"Distibuidor Exclusivo\u00a0para\u00a0Me\u0301xico\u00a0de: Reebok Work, Bekina Boots, HH Workwear, CAT\u00a0y\u00a0Puma\u00a0Workwear\",\"publisher\":{\"@id\":\"https:\\\/\\\/prosafebrands.com\\\/#organization\"},\"alternateName\":\"Prosafe : Upgrade to Premium : Calzado Industrial y Ropa de Trabajo.\",\"potentialAction\":[{\"@type\":\"SearchAction\",\"target\":{\"@type\":\"EntryPoint\",\"urlTemplate\":\"https:\\\/\\\/prosafebrands.com\\\/?s={search_term_string}\"},\"query-input\":{\"@type\":\"PropertyValueSpecification\",\"valueRequired\":true,\"valueName\":\"search_term_string\"}}],\"inLanguage\":\"en-US\"},{\"@type\":\"Organization\",\"@id\":\"https:\\\/\\\/prosafebrands.com\\\/#organization\",\"name\":\"Prosafe : Upgrade to Premium : Calzado Industrial y Ropa de Trabajo.\",\"alternateName\":\"Prosafe : Upgrade to Premium : Calzado Industrial y Ropa de Trabajo.\",\"url\":\"https:\\\/\\\/prosafebrands.com\\\/\",\"logo\":{\"@type\":\"ImageObject\",\"inLanguage\":\"en-US\",\"@id\":\"https:\\\/\\\/prosafebrands.com\\\/#\\\/schema\\\/logo\\\/image\\\/\",\"url\":\"https:\\\/\\\/prosafebrands.com\\\/wp-content\\\/uploads\\\/2024\\\/10\\\/logo-prosafe-gris-2024r.png\",\"contentUrl\":\"https:\\\/\\\/prosafebrands.com\\\/wp-content\\\/uploads\\\/2024\\\/10\\\/logo-prosafe-gris-2024r.png\",\"width\":293,\"height\":87,\"caption\":\"Prosafe : Upgrade to Premium : Calzado Industrial y Ropa de Trabajo.\"},\"image\":{\"@id\":\"https:\\\/\\\/prosafebrands.com\\\/#\\\/schema\\\/logo\\\/image\\\/\"},\"sameAs\":[\"https:\\\/\\\/www.instagram.com\\\/prosafebrands\\\/\"]}]}<\/script>\n<!-- \/ Yoast SEO plugin. -->","yoast_head_json":{"title":"RBMX6650 - HYPERIUM TACTICAL - Prosafe : Upgrade to Premium : Calzado Industrial y Ropa de Trabajo","robots":{"index":"index","follow":"follow","max-snippet":"max-snippet:-1","max-image-preview":"max-image-preview:large","max-video-preview":"max-video-preview:-1"},"canonical":"https:\/\/prosafebrands.com\/producto\/rbmx6650-hyperium-tactical\/","og_locale":"en_US","og_type":"article","og_title":"RBMX6650 - HYPERIUM TACTICAL - Prosafe : Upgrade to Premium : Calzado Industrial y Ropa de Trabajo","og_description":"CORTE: Textil Respirable, ultraligero ofrece un buen soporte, flexibilidad y durabilidad.  FORRO: Malla de nylon que absorbe la humedad.  PLANTILLA: MemoryTech Extra\u00edble. Ideal para absorber impacto.  ENTRESUELA: EVA La amortiguaci\u00f3n de la entresuela FuelFoam proporciona un paso en comodidad y soporte duradero.  CONSTRUCCI\u00d3N DE FABRICACI\u00d3N: Pegado se distingue por su confort, ligereza y gran flexibilidad.  CALZADO DIEL\u00c9CTRICO: Este calzado provee al usuario una protecci\u00f3n secundaria en riesgo de choque el\u00e9ctrico.  CHASIS: Anti Torsi\u00f3n provee mejor soporte.  SUELA SRO: Suela de hule resistente al resbalamiento y aceites. La suela fue dise\u00f1ada para tener un nivel superior de agarre en distintas superficies.  CIERRE LATERAL:\u00a0  SIN CASCO  USO RECOMENDADO: Trabajo Extra-Pesado","og_url":"https:\/\/prosafebrands.com\/producto\/rbmx6650-hyperium-tactical\/","og_site_name":"Prosafe : Upgrade to Premium : Calzado Industrial y Ropa de Trabajo","article_modified_time":"2026-04-07T21:11:20+00:00","og_image":[{"width":1200,"height":850,"url":"https:\/\/prosafebrands.com\/wp-content\/uploads\/2025\/10\/rbmx6650-01.jpg","type":"image\/jpeg"}],"twitter_card":"summary_large_image","twitter_misc":{"Est. reading time":"1 minute"},"schema":{"@context":"https:\/\/schema.org","@graph":[{"@type":"WebPage","@id":"https:\/\/prosafebrands.com\/producto\/rbmx6650-hyperium-tactical\/","url":"https:\/\/prosafebrands.com\/producto\/rbmx6650-hyperium-tactical\/","name":"RBMX6650 - HYPERIUM TACTICAL - Prosafe : Upgrade to Premium : Calzado Industrial y Ropa de Trabajo","isPartOf":{"@id":"https:\/\/prosafebrands.com\/#website"},"primaryImageOfPage":{"@id":"https:\/\/prosafebrands.com\/producto\/rbmx6650-hyperium-tactical\/#primaryimage"},"image":{"@id":"https:\/\/prosafebrands.com\/producto\/rbmx6650-hyperium-tactical\/#primaryimage"},"thumbnailUrl":"https:\/\/prosafebrands.com\/wp-content\/uploads\/2025\/10\/rbmx6650-01.jpg","datePublished":"2025-10-28T19:23:47+00:00","dateModified":"2026-04-07T21:11:20+00:00","breadcrumb":{"@id":"https:\/\/prosafebrands.com\/producto\/rbmx6650-hyperium-tactical\/#breadcrumb"},"inLanguage":"en-US","potentialAction":[{"@type":"ReadAction","target":["https:\/\/prosafebrands.com\/producto\/rbmx6650-hyperium-tactical\/"]}]},{"@type":"ImageObject","inLanguage":"en-US","@id":"https:\/\/prosafebrands.com\/producto\/rbmx6650-hyperium-tactical\/#primaryimage","url":"https:\/\/prosafebrands.com\/wp-content\/uploads\/2025\/10\/rbmx6650-01.jpg","contentUrl":"https:\/\/prosafebrands.com\/wp-content\/uploads\/2025\/10\/rbmx6650-01.jpg","width":1200,"height":850},{"@type":"BreadcrumbList","@id":"https:\/\/prosafebrands.com\/producto\/rbmx6650-hyperium-tactical\/#breadcrumb","itemListElement":[{"@type":"ListItem","position":1,"name":"Portada","item":"https:\/\/prosafebrands.com\/"},{"@type":"ListItem","position":2,"name":"Shop","item":"https:\/\/prosafebrands.com\/en\/shop-2\/"},{"@type":"ListItem","position":3,"name":"RBMX6650 &#8211; HYPERIUM TACTICAL"}]},{"@type":"WebSite","@id":"https:\/\/prosafebrands.com\/#website","url":"https:\/\/prosafebrands.com\/","name":"Prosafe : Upgrade to Premium : Calzado Industrial y Ropa de Trabajo.","description":"Distibuidor Exclusivo\u00a0para\u00a0Me\u0301xico\u00a0de: Reebok Work, Bekina Boots, HH Workwear, CAT\u00a0y\u00a0Puma\u00a0Workwear","publisher":{"@id":"https:\/\/prosafebrands.com\/#organization"},"alternateName":"Prosafe : Upgrade to Premium : Calzado Industrial y Ropa de Trabajo.","potentialAction":[{"@type":"SearchAction","target":{"@type":"EntryPoint","urlTemplate":"https:\/\/prosafebrands.com\/?s={search_term_string}"},"query-input":{"@type":"PropertyValueSpecification","valueRequired":true,"valueName":"search_term_string"}}],"inLanguage":"en-US"},{"@type":"Organization","@id":"https:\/\/prosafebrands.com\/#organization","name":"Prosafe : Upgrade to Premium : Calzado Industrial y Ropa de Trabajo.","alternateName":"Prosafe : Upgrade to Premium : Calzado Industrial y Ropa de Trabajo.","url":"https:\/\/prosafebrands.com\/","logo":{"@type":"ImageObject","inLanguage":"en-US","@id":"https:\/\/prosafebrands.com\/#\/schema\/logo\/image\/","url":"https:\/\/prosafebrands.com\/wp-content\/uploads\/2024\/10\/logo-prosafe-gris-2024r.png","contentUrl":"https:\/\/prosafebrands.com\/wp-content\/uploads\/2024\/10\/logo-prosafe-gris-2024r.png","width":293,"height":87,"caption":"Prosafe : Upgrade to Premium : Calzado Industrial y Ropa de Trabajo."},"image":{"@id":"https:\/\/prosafebrands.com\/#\/schema\/logo\/image\/"},"sameAs":["https:\/\/www.instagram.com\/prosafebrands\/"]}]}},"_links":{"self":[{"href":"https:\/\/prosafebrands.com\/en\/wp-json\/wp\/v2\/product\/104777","targetHints":{"allow":["GET"]}}],"collection":[{"href":"https:\/\/prosafebrands.com\/en\/wp-json\/wp\/v2\/product"}],"about":[{"href":"https:\/\/prosafebrands.com\/en\/wp-json\/wp\/v2\/types\/product"}],"replies":[{"embeddable":true,"href":"https:\/\/prosafebrands.com\/en\/wp-json\/wp\/v2\/comments?post=104777"}],"wp:featuredmedia":[{"embeddable":true,"href":"https:\/\/prosafebrands.com\/en\/wp-json\/wp\/v2\/media\/104767"}],"wp:attachment":[{"href":"https:\/\/prosafebrands.com\/en\/wp-json\/wp\/v2\/media?parent=104777"}],"wp:term":[{"taxonomy":"product_brand","embeddable":true,"href":"https:\/\/prosafebrands.com\/en\/wp-json\/wp\/v2\/product_brand?post=104777"},{"taxonomy":"product_cat","embeddable":true,"href":"https:\/\/prosafebrands.com\/en\/wp-json\/wp\/v2\/product_cat?post=104777"},{"taxonomy":"product_tag","embeddable":true,"href":"https:\/\/prosafebrands.com\/en\/wp-json\/wp\/v2\/product_tag?post=104777"}],"curies":[{"name":"wp","href":"https:\/\/api.w.org\/{rel}","templated":true}]}}