{"id":104558,"date":"2025-10-27T13:16:22","date_gmt":"2025-10-27T19:16:22","guid":{"rendered":"https:\/\/prosafebrands.com\/product\/be-3012-cafe-casco-no-metalico-dielectrico\/"},"modified":"2026-04-07T15:11:20","modified_gmt":"2026-04-07T21:11:20","slug":"be-3012-cafe-casco-no-metalico-dielectrico","status":"publish","type":"product","link":"https:\/\/prosafebrands.com\/en\/product\/be-3012-cafe-casco-no-metalico-dielectrico\/","title":{"rendered":"BE-3012 BOTA BIOTEHC CAFE &#8211; CASCO NO METALICO DIELECTRICO"},"content":{"rendered":"<h2>Calzado industrial<\/h2>\n<p><strong>Tipo II (PP) + III (D)<\/strong><br \/>\nPuntera de Protecci\u00f3n + Diel\u00e9ctrico<br \/>\nProtege los dedos de los pies contra impacto y compresi\u00f3n<br \/>\nProtege al usuario contra riesgos de choque el\u00e9ctrico<\/p>\n<p>Adecuado para largas jornadas de trabajo aumentando tu desempe\u00f1o.<\/p>\n<h5>Corte<\/h5>\n<p><strong>Crazy Horse Sierra<\/strong><\/p>\n<ul>\n<li>Resistente al desgarre<\/li>\n<li>\u00a0Acabado tacto a base de ceras<\/li>\n<li>\u00a0Concepto natural<\/li>\n<li>\u00a0Combinaci\u00f3n de malla polim\u00e9rica textil<\/li>\n<li>\u00a0Curtido al cromo<\/li>\n<li>\u00a0Buena transpiraci\u00f3n<\/li>\n<\/ul>\n<h5>Forro<\/h5>\n<p><strong>Textil Dry-Lex\u00ae<\/strong><\/p>\n<ul>\n<li>Transpirable<\/li>\n<li>Antibacterial<\/li>\n<li>Resistente a la abrasi\u00f3n<\/li>\n<li>Anti olores<\/li>\n<li>Confortable<\/li>\n<\/ul>\n<h5>Plantilla<\/h5>\n<p><strong>Poliuretano Celda Abierta<\/strong><\/p>\n<ul>\n<li>Ligera y confortable<\/li>\n<li>T\u00e9rmica y antibacterial<\/li>\n<li>Plantilla removible<\/li>\n<li>Absorci\u00f3n de impacto<\/li>\n<li>Con malla textil transpirable<\/li>\n<li>Distribuye las presiones plantares<\/li>\n<li>Plantillas independientes para personalizar el calce<\/li>\n<li>Buena resiliencia para evitar cansancio<\/li>\n<\/ul>\n<p>&nbsp;<\/p>\n","protected":false},"excerpt":{"rendered":"<h5>Suela<\/h5>\n<p>Radian TPU olivo<\/p>\n<ul>\n<li>Doble densidad PU y TPU<\/li>\n<li>Resistente al desgaste<\/li>\n<li>Antifatiga<\/li>\n<li>Resistente a los aceites<\/li>\n<li>Ligera y muy flexible<\/li>\n<li>Anti derrapante<\/li>\n<li>Amortiguaci\u00f3n de impacto<\/li>\n<li>No marca<\/li>\n<li>Diel\u00e9ctrica<\/li>\n<\/ul>\n<h5>Construcci\u00f3n<\/h5>\n<p><strong>Inyecci\u00f3n directa al corte<\/strong><br \/>\nTecnolog\u00eda de \u00faltima generaci\u00f3n automatizada<\/p>\n<ul>\n<li>Flexible<\/li>\n<li>Confortable<\/li>\n<li>Ligera<\/li>\n<li>Herm\u00e9tica<\/li>\n<li>Calzado de una sola pieza<\/li>\n<li>Chasis encapsulado que evita la torsi\u00f3n<\/li>\n<\/ul>\n<h5>Unisex<\/h5>\n<p>&nbsp;<\/p>\n<h5>Certificado y aprobado bajo:<\/h5>\n<p><img decoding=\"async\" class=\"alignnone size-full wp-image-104566\" src=\"https:\/\/prosafebrands.com\/wp-content\/uploads\/2025\/10\/ico-nom-astm-berrendo.jpg\" alt=\"Nom Berrendo\" width=\"600\" height=\"100\" srcset=\"https:\/\/prosafebrands.com\/wp-content\/uploads\/2025\/10\/ico-nom-astm-berrendo.jpg 600w, https:\/\/prosafebrands.com\/wp-content\/uploads\/2025\/10\/ico-nom-astm-berrendo-480x80.jpg 480w\" sizes=\"(min-width: 0px) and (max-width: 480px) 480px, (min-width: 481px) 600px, 100vw\" \/><\/p>\n<p><img decoding=\"async\" class=\"alignnone size-full wp-image-104570\" src=\"https:\/\/prosafebrands.com\/wp-content\/uploads\/2025\/10\/berrendo-casco-die.png\" alt=\"\" width=\"600\" height=\"100\" srcset=\"https:\/\/prosafebrands.com\/wp-content\/uploads\/2025\/10\/berrendo-casco-die.png 600w, https:\/\/prosafebrands.com\/wp-content\/uploads\/2025\/10\/berrendo-casco-die-480x80.png 480w\" sizes=\"(min-width: 0px) and (max-width: 480px) 480px, (min-width: 481px) 600px, 100vw\" \/><\/p>\n","protected":false},"featured_media":105213,"comment_status":"open","ping_status":"closed","template":"","meta":{"_et_pb_use_builder":"","_et_pb_old_content":"","_et_gb_content_width":""},"product_brand":[],"product_cat":[333,314],"product_tag":[315,222],"class_list":{"0":"post-104558","1":"product","2":"type-product","3":"status-publish","4":"has-post-thumbnail","6":"product_cat-caballero-berrendo","7":"product_cat-calzado","8":"product_tag-calzado-industrial","9":"product_tag-dielectrico","11":"first","12":"instock","13":"taxable","14":"shipping-taxable","15":"purchasable","16":"product-type-variable"},"yoast_head":"<!-- This site is optimized with the Yoast SEO plugin v27.4 - https:\/\/yoast.com\/product\/yoast-seo-wordpress\/ -->\n<title>BE-3012 BOTA BIOTEHC CAFE - CASCO NO METALICO DIELECTRICO - Prosafe : Upgrade to Premium : Calzado Industrial y Ropa de Trabajo<\/title>\n<meta name=\"robots\" content=\"index, follow, max-snippet:-1, max-image-preview:large, max-video-preview:-1\" \/>\n<link rel=\"canonical\" href=\"https:\/\/prosafebrands.com\/producto\/be-3012-cafe-casco-no-metalico-dielectrico\/\" \/>\n<meta property=\"og:locale\" content=\"en_US\" \/>\n<meta property=\"og:type\" content=\"article\" \/>\n<meta property=\"og:title\" content=\"BE-3012 BOTA BIOTEHC CAFE - CASCO NO METALICO DIELECTRICO - Prosafe : Upgrade to Premium : Calzado Industrial y Ropa de Trabajo\" \/>\n<meta property=\"og:description\" content=\"Suela Radian TPU olivo   Doble densidad PU y TPU  Resistente al desgaste  Antifatiga  Resistente a los aceites  Ligera y muy flexible  Anti derrapante  Amortiguaci\u00f3n de impacto  No marca  Diel\u00e9ctrica  Construcci\u00f3n Inyecci\u00f3n directa al corte Tecnolog\u00eda de \u00faltima generaci\u00f3n automatizada   Flexible  Confortable  Ligera  Herm\u00e9tica  Calzado de una sola pieza  Chasis encapsulado que evita la torsi\u00f3n  Unisex &nbsp; Certificado y aprobado bajo:\" \/>\n<meta property=\"og:url\" content=\"https:\/\/prosafebrands.com\/producto\/be-3012-cafe-casco-no-metalico-dielectrico\/\" \/>\n<meta property=\"og:site_name\" content=\"Prosafe : Upgrade to Premium : Calzado Industrial y Ropa de Trabajo\" \/>\n<meta property=\"article:modified_time\" content=\"2026-04-07T21:11:20+00:00\" \/>\n<meta property=\"og:image\" content=\"https:\/\/prosafebrands.com\/wp-content\/uploads\/2026\/02\/be-3012-00.jpg\" \/>\n\t<meta property=\"og:image:width\" content=\"1200\" \/>\n\t<meta property=\"og:image:height\" content=\"850\" \/>\n\t<meta property=\"og:image:type\" content=\"image\/jpeg\" \/>\n<meta name=\"twitter:card\" content=\"summary_large_image\" \/>\n<meta name=\"twitter:label1\" content=\"Est. reading time\" \/>\n\t<meta name=\"twitter:data1\" content=\"1 minute\" \/>\n<script type=\"application\/ld+json\" class=\"yoast-schema-graph\">{\"@context\":\"https:\\\/\\\/schema.org\",\"@graph\":[{\"@type\":\"WebPage\",\"@id\":\"https:\\\/\\\/prosafebrands.com\\\/producto\\\/be-3012-cafe-casco-no-metalico-dielectrico\\\/\",\"url\":\"https:\\\/\\\/prosafebrands.com\\\/producto\\\/be-3012-cafe-casco-no-metalico-dielectrico\\\/\",\"name\":\"BE-3012 BOTA BIOTEHC CAFE - CASCO NO METALICO DIELECTRICO - Prosafe : Upgrade to Premium : Calzado Industrial y Ropa de Trabajo\",\"isPartOf\":{\"@id\":\"https:\\\/\\\/prosafebrands.com\\\/#website\"},\"primaryImageOfPage\":{\"@id\":\"https:\\\/\\\/prosafebrands.com\\\/producto\\\/be-3012-cafe-casco-no-metalico-dielectrico\\\/#primaryimage\"},\"image\":{\"@id\":\"https:\\\/\\\/prosafebrands.com\\\/producto\\\/be-3012-cafe-casco-no-metalico-dielectrico\\\/#primaryimage\"},\"thumbnailUrl\":\"https:\\\/\\\/prosafebrands.com\\\/wp-content\\\/uploads\\\/2026\\\/02\\\/be-3012-00.jpg\",\"datePublished\":\"2025-10-27T19:16:22+00:00\",\"dateModified\":\"2026-04-07T21:11:20+00:00\",\"breadcrumb\":{\"@id\":\"https:\\\/\\\/prosafebrands.com\\\/producto\\\/be-3012-cafe-casco-no-metalico-dielectrico\\\/#breadcrumb\"},\"inLanguage\":\"en-US\",\"potentialAction\":[{\"@type\":\"ReadAction\",\"target\":[\"https:\\\/\\\/prosafebrands.com\\\/producto\\\/be-3012-cafe-casco-no-metalico-dielectrico\\\/\"]}]},{\"@type\":\"ImageObject\",\"inLanguage\":\"en-US\",\"@id\":\"https:\\\/\\\/prosafebrands.com\\\/producto\\\/be-3012-cafe-casco-no-metalico-dielectrico\\\/#primaryimage\",\"url\":\"https:\\\/\\\/prosafebrands.com\\\/wp-content\\\/uploads\\\/2026\\\/02\\\/be-3012-00.jpg\",\"contentUrl\":\"https:\\\/\\\/prosafebrands.com\\\/wp-content\\\/uploads\\\/2026\\\/02\\\/be-3012-00.jpg\",\"width\":1200,\"height\":850},{\"@type\":\"BreadcrumbList\",\"@id\":\"https:\\\/\\\/prosafebrands.com\\\/producto\\\/be-3012-cafe-casco-no-metalico-dielectrico\\\/#breadcrumb\",\"itemListElement\":[{\"@type\":\"ListItem\",\"position\":1,\"name\":\"Portada\",\"item\":\"https:\\\/\\\/prosafebrands.com\\\/\"},{\"@type\":\"ListItem\",\"position\":2,\"name\":\"Shop\",\"item\":\"https:\\\/\\\/prosafebrands.com\\\/en\\\/shop-2\\\/\"},{\"@type\":\"ListItem\",\"position\":3,\"name\":\"BE-3012 BOTA BIOTEHC CAFE &#8211; CASCO NO METALICO DIELECTRICO\"}]},{\"@type\":\"WebSite\",\"@id\":\"https:\\\/\\\/prosafebrands.com\\\/#website\",\"url\":\"https:\\\/\\\/prosafebrands.com\\\/\",\"name\":\"Prosafe : Upgrade to Premium : Calzado Industrial y Ropa de Trabajo.\",\"description\":\"Distibuidor Exclusivo\u00a0para\u00a0Me\u0301xico\u00a0de: Reebok Work, Bekina Boots, HH Workwear, CAT\u00a0y\u00a0Puma\u00a0Workwear\",\"publisher\":{\"@id\":\"https:\\\/\\\/prosafebrands.com\\\/#organization\"},\"alternateName\":\"Prosafe : Upgrade to Premium : Calzado Industrial y Ropa de Trabajo.\",\"potentialAction\":[{\"@type\":\"SearchAction\",\"target\":{\"@type\":\"EntryPoint\",\"urlTemplate\":\"https:\\\/\\\/prosafebrands.com\\\/?s={search_term_string}\"},\"query-input\":{\"@type\":\"PropertyValueSpecification\",\"valueRequired\":true,\"valueName\":\"search_term_string\"}}],\"inLanguage\":\"en-US\"},{\"@type\":\"Organization\",\"@id\":\"https:\\\/\\\/prosafebrands.com\\\/#organization\",\"name\":\"Prosafe : Upgrade to Premium : Calzado Industrial y Ropa de Trabajo.\",\"alternateName\":\"Prosafe : Upgrade to Premium : Calzado Industrial y Ropa de Trabajo.\",\"url\":\"https:\\\/\\\/prosafebrands.com\\\/\",\"logo\":{\"@type\":\"ImageObject\",\"inLanguage\":\"en-US\",\"@id\":\"https:\\\/\\\/prosafebrands.com\\\/#\\\/schema\\\/logo\\\/image\\\/\",\"url\":\"https:\\\/\\\/prosafebrands.com\\\/wp-content\\\/uploads\\\/2024\\\/10\\\/logo-prosafe-gris-2024r.png\",\"contentUrl\":\"https:\\\/\\\/prosafebrands.com\\\/wp-content\\\/uploads\\\/2024\\\/10\\\/logo-prosafe-gris-2024r.png\",\"width\":293,\"height\":87,\"caption\":\"Prosafe : Upgrade to Premium : Calzado Industrial y Ropa de Trabajo.\"},\"image\":{\"@id\":\"https:\\\/\\\/prosafebrands.com\\\/#\\\/schema\\\/logo\\\/image\\\/\"},\"sameAs\":[\"https:\\\/\\\/www.instagram.com\\\/prosafebrands\\\/\"]}]}<\/script>\n<!-- \/ Yoast SEO plugin. -->","yoast_head_json":{"title":"BE-3012 BOTA BIOTEHC CAFE - CASCO NO METALICO DIELECTRICO - Prosafe : Upgrade to Premium : Calzado Industrial y Ropa de Trabajo","robots":{"index":"index","follow":"follow","max-snippet":"max-snippet:-1","max-image-preview":"max-image-preview:large","max-video-preview":"max-video-preview:-1"},"canonical":"https:\/\/prosafebrands.com\/producto\/be-3012-cafe-casco-no-metalico-dielectrico\/","og_locale":"en_US","og_type":"article","og_title":"BE-3012 BOTA BIOTEHC CAFE - CASCO NO METALICO DIELECTRICO - Prosafe : Upgrade to Premium : Calzado Industrial y Ropa de Trabajo","og_description":"Suela Radian TPU olivo   Doble densidad PU y TPU  Resistente al desgaste  Antifatiga  Resistente a los aceites  Ligera y muy flexible  Anti derrapante  Amortiguaci\u00f3n de impacto  No marca  Diel\u00e9ctrica  Construcci\u00f3n Inyecci\u00f3n directa al corte Tecnolog\u00eda de \u00faltima generaci\u00f3n automatizada   Flexible  Confortable  Ligera  Herm\u00e9tica  Calzado de una sola pieza  Chasis encapsulado que evita la torsi\u00f3n  Unisex &nbsp; Certificado y aprobado bajo:","og_url":"https:\/\/prosafebrands.com\/producto\/be-3012-cafe-casco-no-metalico-dielectrico\/","og_site_name":"Prosafe : Upgrade to Premium : Calzado Industrial y Ropa de Trabajo","article_modified_time":"2026-04-07T21:11:20+00:00","og_image":[{"width":1200,"height":850,"url":"https:\/\/prosafebrands.com\/wp-content\/uploads\/2026\/02\/be-3012-00.jpg","type":"image\/jpeg"}],"twitter_card":"summary_large_image","twitter_misc":{"Est. reading time":"1 minute"},"schema":{"@context":"https:\/\/schema.org","@graph":[{"@type":"WebPage","@id":"https:\/\/prosafebrands.com\/producto\/be-3012-cafe-casco-no-metalico-dielectrico\/","url":"https:\/\/prosafebrands.com\/producto\/be-3012-cafe-casco-no-metalico-dielectrico\/","name":"BE-3012 BOTA BIOTEHC CAFE - CASCO NO METALICO DIELECTRICO - Prosafe : Upgrade to Premium : Calzado Industrial y Ropa de Trabajo","isPartOf":{"@id":"https:\/\/prosafebrands.com\/#website"},"primaryImageOfPage":{"@id":"https:\/\/prosafebrands.com\/producto\/be-3012-cafe-casco-no-metalico-dielectrico\/#primaryimage"},"image":{"@id":"https:\/\/prosafebrands.com\/producto\/be-3012-cafe-casco-no-metalico-dielectrico\/#primaryimage"},"thumbnailUrl":"https:\/\/prosafebrands.com\/wp-content\/uploads\/2026\/02\/be-3012-00.jpg","datePublished":"2025-10-27T19:16:22+00:00","dateModified":"2026-04-07T21:11:20+00:00","breadcrumb":{"@id":"https:\/\/prosafebrands.com\/producto\/be-3012-cafe-casco-no-metalico-dielectrico\/#breadcrumb"},"inLanguage":"en-US","potentialAction":[{"@type":"ReadAction","target":["https:\/\/prosafebrands.com\/producto\/be-3012-cafe-casco-no-metalico-dielectrico\/"]}]},{"@type":"ImageObject","inLanguage":"en-US","@id":"https:\/\/prosafebrands.com\/producto\/be-3012-cafe-casco-no-metalico-dielectrico\/#primaryimage","url":"https:\/\/prosafebrands.com\/wp-content\/uploads\/2026\/02\/be-3012-00.jpg","contentUrl":"https:\/\/prosafebrands.com\/wp-content\/uploads\/2026\/02\/be-3012-00.jpg","width":1200,"height":850},{"@type":"BreadcrumbList","@id":"https:\/\/prosafebrands.com\/producto\/be-3012-cafe-casco-no-metalico-dielectrico\/#breadcrumb","itemListElement":[{"@type":"ListItem","position":1,"name":"Portada","item":"https:\/\/prosafebrands.com\/"},{"@type":"ListItem","position":2,"name":"Shop","item":"https:\/\/prosafebrands.com\/en\/shop-2\/"},{"@type":"ListItem","position":3,"name":"BE-3012 BOTA BIOTEHC CAFE &#8211; CASCO NO METALICO DIELECTRICO"}]},{"@type":"WebSite","@id":"https:\/\/prosafebrands.com\/#website","url":"https:\/\/prosafebrands.com\/","name":"Prosafe : Upgrade to Premium : Calzado Industrial y Ropa de Trabajo.","description":"Distibuidor Exclusivo\u00a0para\u00a0Me\u0301xico\u00a0de: Reebok Work, Bekina Boots, HH Workwear, CAT\u00a0y\u00a0Puma\u00a0Workwear","publisher":{"@id":"https:\/\/prosafebrands.com\/#organization"},"alternateName":"Prosafe : Upgrade to Premium : Calzado Industrial y Ropa de Trabajo.","potentialAction":[{"@type":"SearchAction","target":{"@type":"EntryPoint","urlTemplate":"https:\/\/prosafebrands.com\/?s={search_term_string}"},"query-input":{"@type":"PropertyValueSpecification","valueRequired":true,"valueName":"search_term_string"}}],"inLanguage":"en-US"},{"@type":"Organization","@id":"https:\/\/prosafebrands.com\/#organization","name":"Prosafe : Upgrade to Premium : Calzado Industrial y Ropa de Trabajo.","alternateName":"Prosafe : Upgrade to Premium : Calzado Industrial y Ropa de Trabajo.","url":"https:\/\/prosafebrands.com\/","logo":{"@type":"ImageObject","inLanguage":"en-US","@id":"https:\/\/prosafebrands.com\/#\/schema\/logo\/image\/","url":"https:\/\/prosafebrands.com\/wp-content\/uploads\/2024\/10\/logo-prosafe-gris-2024r.png","contentUrl":"https:\/\/prosafebrands.com\/wp-content\/uploads\/2024\/10\/logo-prosafe-gris-2024r.png","width":293,"height":87,"caption":"Prosafe : Upgrade to Premium : Calzado Industrial y Ropa de Trabajo."},"image":{"@id":"https:\/\/prosafebrands.com\/#\/schema\/logo\/image\/"},"sameAs":["https:\/\/www.instagram.com\/prosafebrands\/"]}]}},"_links":{"self":[{"href":"https:\/\/prosafebrands.com\/en\/wp-json\/wp\/v2\/product\/104558","targetHints":{"allow":["GET"]}}],"collection":[{"href":"https:\/\/prosafebrands.com\/en\/wp-json\/wp\/v2\/product"}],"about":[{"href":"https:\/\/prosafebrands.com\/en\/wp-json\/wp\/v2\/types\/product"}],"replies":[{"embeddable":true,"href":"https:\/\/prosafebrands.com\/en\/wp-json\/wp\/v2\/comments?post=104558"}],"wp:featuredmedia":[{"embeddable":true,"href":"https:\/\/prosafebrands.com\/en\/wp-json\/wp\/v2\/media\/105213"}],"wp:attachment":[{"href":"https:\/\/prosafebrands.com\/en\/wp-json\/wp\/v2\/media?parent=104558"}],"wp:term":[{"taxonomy":"product_brand","embeddable":true,"href":"https:\/\/prosafebrands.com\/en\/wp-json\/wp\/v2\/product_brand?post=104558"},{"taxonomy":"product_cat","embeddable":true,"href":"https:\/\/prosafebrands.com\/en\/wp-json\/wp\/v2\/product_cat?post=104558"},{"taxonomy":"product_tag","embeddable":true,"href":"https:\/\/prosafebrands.com\/en\/wp-json\/wp\/v2\/product_tag?post=104558"}],"curies":[{"name":"wp","href":"https:\/\/api.w.org\/{rel}","templated":true}]}}