{"id":104214,"date":"2025-05-22T12:30:58","date_gmt":"2025-05-22T18:30:58","guid":{"rendered":"https:\/\/prosafebrands.com\/?post_type=product&#038;p=104214"},"modified":"2026-04-07T15:11:15","modified_gmt":"2026-04-07T21:11:15","slug":"rv-cp06-mandil-ruvi-de-poliuretano-processor6","status":"publish","type":"product","link":"https:\/\/prosafebrands.com\/en\/product\/rv-cp06-mandil-ruvi-de-poliuretano-processor6\/","title":{"rendered":"RV-CP06 MANDIL RUVI\u00ae DE POLIURETANO PROCESSOR6"},"content":{"rendered":"<h5>Caracter\u00edsticas y descripci\u00f3n<\/h5>\n<ul>\n<li>Mandil con propiedades antiest\u00e1ticas (ESD)<\/li>\n<li>Poliuretano de alta resistencia<\/li>\n<li>Anti desgarre, flexible, el\u00e1stico y ligero<\/li>\n<li>Resistente a la abrasi\u00f3n, sangre y residuos animal, qu\u00edmicos, aceites y grasas<\/li>\n<li>Grado alimenticio<\/li>\n<li>100% sanitizado y seguro para contacto con alimentos<\/li>\n<li>Resistencia +90\u00b0C a -50\u00b0C<\/li>\n<li>F\u00e1cil de limpiar<\/li>\n<li>Cordones de 5cm de ancho para mayor resistencia<\/li>\n<li>3 veces m\u00e1s durable y resistente que el PVC<\/li>\n<\/ul>\n<h5>Normatividad, Regulaci\u00f3n y Aprobaci\u00f3n<\/h5>\n<p>Aprobado por la FDA para el contacto directo con alimentos de acuerdo con U.S. FDCA y FAR 21 CFR 177.2600 y 178.3860 GRAS.<\/p>\n<h5>Usos y Aplicaciones<\/h5>\n<p>Industria alimentaria, rastros y empacadoras, industria av\u00edcola y l\u00e1cteos, manejo de desechos, industria qu\u00edmica, farmac\u00e9utica y laboratorios.<\/p>\n<h5>Empaque<\/h5>\n<p>1 pieza en bolsa sellada Caja de 25 piezas mismo color y talla.<\/p>\n<h5>Cuidados<\/h5>\n<p><strong>Limpieza:<\/strong> lavar y cepillar el mandil con agua caliente jabonosa (40\u00b0C) o con una mezcla de agua y detergente suave.<\/p>\n<p><strong>Enjuague:<\/strong> solo con agua. NO utilizar productos t\u00f3xicos para limpiar o enjuagar el mandil.<\/p>\n<p><strong>Almacenamiento:<\/strong> Despu\u00e9s de la limpieza, guardar en un lugar obscuro, seco y bien ventilado.<\/p>\n<p>Con un uso adecuado y un buen mantenimiento, tu mandil durar\u00e1 m\u00e1s tiempo.<\/p>\n<p>&nbsp;<\/p>\n","protected":false},"excerpt":{"rendered":"<h5>Datos T\u00e9cnicos<\/h5>\n<p>Material: Resina de Poliuretano<br \/>\ngrado GRAS \/ Dureza 85 shore A<br \/>\nFabricaci\u00f3n: Una sola pieza (sin costuras)<\/p>\n<table style=\"border-collapse: collapse; width: 180pt; border-style: solid; border-color: #000000;\" border=\"1\" width=\"180pt\" cellspacing=\"0\" cellpadding=\"0\">\n<tbody>\n<tr style=\"height: 15.0pt;\">\n<td class=\"xl63\" style=\"height: 15.0pt; width: 60pt;\" width=\"80\" height=\"20\">Corto<\/td>\n<td class=\"xl63\" style=\"border-left: none; width: 60pt;\" width=\"80\">90x100cm<\/td>\n<td class=\"xl63\" style=\"border-left: none; width: 60pt;\" width=\"80\">160gr<\/td>\n<\/tr>\n<tr style=\"height: 15.0pt;\">\n<td class=\"xl63\" style=\"height: 15.0pt; border-top: none;\" height=\"20\">Est\u00e1ndar<\/td>\n<td class=\"xl63\" style=\"border-top: none; border-left: none;\">90x114cm<\/td>\n<td class=\"xl63\" style=\"border-top: none; border-left: none;\">180gr<\/td>\n<\/tr>\n<tr style=\"height: 15.0pt;\">\n<td class=\"xl63\" style=\"height: 15.0pt; border-top: none;\" height=\"20\">Largo<\/td>\n<td class=\"xl63\" style=\"border-top: none; border-left: none;\">90x127cm<\/td>\n<td class=\"xl63\" style=\"border-top: none; border-left: none;\">200gr<\/td>\n<\/tr>\n<\/tbody>\n<\/table>\n<h5><\/h5>\n","protected":false},"featured_media":104193,"comment_status":"open","ping_status":"closed","template":"","meta":{"_et_pb_use_builder":"","_et_pb_old_content":"","_et_gb_content_width":""},"product_brand":[],"product_cat":[310,298],"product_tag":[301,299,300],"class_list":{"0":"post-104214","1":"product","2":"type-product","3":"status-publish","4":"has-post-thumbnail","6":"product_cat-mandil","7":"product_cat-ruvi","8":"product_tag-espesor-8","9":"product_tag-mandil","10":"product_tag-poliuretao","12":"first","13":"instock","14":"taxable","15":"shipping-taxable","16":"purchasable","17":"product-type-variable"},"yoast_head":"<!-- This site is optimized with the Yoast SEO plugin v27.4 - https:\/\/yoast.com\/product\/yoast-seo-wordpress\/ -->\n<title>RV-CP06 MANDIL RUVI\u00ae DE POLIURETANO PROCESSOR6 - Prosafe : Upgrade to Premium : Calzado Industrial y Ropa de Trabajo<\/title>\n<meta name=\"robots\" content=\"index, follow, max-snippet:-1, max-image-preview:large, max-video-preview:-1\" \/>\n<link rel=\"canonical\" href=\"https:\/\/prosafebrands.com\/producto\/rv-cp06-mandil-ruvi-de-poliuretano-processor6\/\" \/>\n<meta property=\"og:locale\" content=\"en_US\" \/>\n<meta property=\"og:type\" content=\"article\" \/>\n<meta property=\"og:title\" content=\"RV-CP06 MANDIL RUVI\u00ae DE POLIURETANO PROCESSOR6 - Prosafe : Upgrade to Premium : Calzado Industrial y Ropa de Trabajo\" \/>\n<meta property=\"og:description\" content=\"Datos T\u00e9cnicos Material: Resina de Poliuretano grado GRAS \/ Dureza 85 shore A Fabricaci\u00f3n: Una sola pieza (sin costuras)    Corto 90x100cm 160gr   Est\u00e1ndar 90x114cm 180gr   Largo 90x127cm 200gr\" \/>\n<meta property=\"og:url\" content=\"https:\/\/prosafebrands.com\/producto\/rv-cp06-mandil-ruvi-de-poliuretano-processor6\/\" \/>\n<meta property=\"og:site_name\" content=\"Prosafe : Upgrade to Premium : Calzado Industrial y Ropa de Trabajo\" \/>\n<meta property=\"article:modified_time\" content=\"2026-04-07T21:11:15+00:00\" \/>\n<meta property=\"og:image\" content=\"https:\/\/prosafebrands.com\/wp-content\/uploads\/2025\/05\/rubi-mandil-poliuretano-1.jpg\" \/>\n\t<meta property=\"og:image:width\" content=\"1200\" \/>\n\t<meta property=\"og:image:height\" content=\"1200\" \/>\n\t<meta property=\"og:image:type\" content=\"image\/jpeg\" \/>\n<meta name=\"twitter:card\" content=\"summary_large_image\" \/>\n<meta name=\"twitter:label1\" content=\"Est. reading time\" \/>\n\t<meta name=\"twitter:data1\" content=\"2 minutes\" \/>\n<script type=\"application\/ld+json\" class=\"yoast-schema-graph\">{\"@context\":\"https:\\\/\\\/schema.org\",\"@graph\":[{\"@type\":\"WebPage\",\"@id\":\"https:\\\/\\\/prosafebrands.com\\\/producto\\\/rv-cp06-mandil-ruvi-de-poliuretano-processor6\\\/\",\"url\":\"https:\\\/\\\/prosafebrands.com\\\/producto\\\/rv-cp06-mandil-ruvi-de-poliuretano-processor6\\\/\",\"name\":\"RV-CP06 MANDIL RUVI\u00ae DE POLIURETANO PROCESSOR6 - Prosafe : Upgrade to Premium : Calzado Industrial y Ropa de Trabajo\",\"isPartOf\":{\"@id\":\"https:\\\/\\\/prosafebrands.com\\\/#website\"},\"primaryImageOfPage\":{\"@id\":\"https:\\\/\\\/prosafebrands.com\\\/producto\\\/rv-cp06-mandil-ruvi-de-poliuretano-processor6\\\/#primaryimage\"},\"image\":{\"@id\":\"https:\\\/\\\/prosafebrands.com\\\/producto\\\/rv-cp06-mandil-ruvi-de-poliuretano-processor6\\\/#primaryimage\"},\"thumbnailUrl\":\"https:\\\/\\\/prosafebrands.com\\\/wp-content\\\/uploads\\\/2025\\\/05\\\/rubi-mandil-poliuretano-1.jpg\",\"datePublished\":\"2025-05-22T18:30:58+00:00\",\"dateModified\":\"2026-04-07T21:11:15+00:00\",\"breadcrumb\":{\"@id\":\"https:\\\/\\\/prosafebrands.com\\\/producto\\\/rv-cp06-mandil-ruvi-de-poliuretano-processor6\\\/#breadcrumb\"},\"inLanguage\":\"en-US\",\"potentialAction\":[{\"@type\":\"ReadAction\",\"target\":[\"https:\\\/\\\/prosafebrands.com\\\/producto\\\/rv-cp06-mandil-ruvi-de-poliuretano-processor6\\\/\"]}]},{\"@type\":\"ImageObject\",\"inLanguage\":\"en-US\",\"@id\":\"https:\\\/\\\/prosafebrands.com\\\/producto\\\/rv-cp06-mandil-ruvi-de-poliuretano-processor6\\\/#primaryimage\",\"url\":\"https:\\\/\\\/prosafebrands.com\\\/wp-content\\\/uploads\\\/2025\\\/05\\\/rubi-mandil-poliuretano-1.jpg\",\"contentUrl\":\"https:\\\/\\\/prosafebrands.com\\\/wp-content\\\/uploads\\\/2025\\\/05\\\/rubi-mandil-poliuretano-1.jpg\",\"width\":1200,\"height\":1200},{\"@type\":\"BreadcrumbList\",\"@id\":\"https:\\\/\\\/prosafebrands.com\\\/producto\\\/rv-cp06-mandil-ruvi-de-poliuretano-processor6\\\/#breadcrumb\",\"itemListElement\":[{\"@type\":\"ListItem\",\"position\":1,\"name\":\"Portada\",\"item\":\"https:\\\/\\\/prosafebrands.com\\\/\"},{\"@type\":\"ListItem\",\"position\":2,\"name\":\"Shop\",\"item\":\"https:\\\/\\\/prosafebrands.com\\\/en\\\/shop-2\\\/\"},{\"@type\":\"ListItem\",\"position\":3,\"name\":\"RV-CP06 MANDIL RUVI\u00ae DE POLIURETANO PROCESSOR6\"}]},{\"@type\":\"WebSite\",\"@id\":\"https:\\\/\\\/prosafebrands.com\\\/#website\",\"url\":\"https:\\\/\\\/prosafebrands.com\\\/\",\"name\":\"Prosafe : Upgrade to Premium : Calzado Industrial y Ropa de Trabajo.\",\"description\":\"Distibuidor Exclusivo\u00a0para\u00a0Me\u0301xico\u00a0de: Reebok Work, Bekina Boots, HH Workwear, CAT\u00a0y\u00a0Puma\u00a0Workwear\",\"publisher\":{\"@id\":\"https:\\\/\\\/prosafebrands.com\\\/#organization\"},\"alternateName\":\"Prosafe : Upgrade to Premium : Calzado Industrial y Ropa de Trabajo.\",\"potentialAction\":[{\"@type\":\"SearchAction\",\"target\":{\"@type\":\"EntryPoint\",\"urlTemplate\":\"https:\\\/\\\/prosafebrands.com\\\/?s={search_term_string}\"},\"query-input\":{\"@type\":\"PropertyValueSpecification\",\"valueRequired\":true,\"valueName\":\"search_term_string\"}}],\"inLanguage\":\"en-US\"},{\"@type\":\"Organization\",\"@id\":\"https:\\\/\\\/prosafebrands.com\\\/#organization\",\"name\":\"Prosafe : Upgrade to Premium : Calzado Industrial y Ropa de Trabajo.\",\"alternateName\":\"Prosafe : Upgrade to Premium : Calzado Industrial y Ropa de Trabajo.\",\"url\":\"https:\\\/\\\/prosafebrands.com\\\/\",\"logo\":{\"@type\":\"ImageObject\",\"inLanguage\":\"en-US\",\"@id\":\"https:\\\/\\\/prosafebrands.com\\\/#\\\/schema\\\/logo\\\/image\\\/\",\"url\":\"https:\\\/\\\/prosafebrands.com\\\/wp-content\\\/uploads\\\/2024\\\/10\\\/logo-prosafe-gris-2024r.png\",\"contentUrl\":\"https:\\\/\\\/prosafebrands.com\\\/wp-content\\\/uploads\\\/2024\\\/10\\\/logo-prosafe-gris-2024r.png\",\"width\":293,\"height\":87,\"caption\":\"Prosafe : Upgrade to Premium : Calzado Industrial y Ropa de Trabajo.\"},\"image\":{\"@id\":\"https:\\\/\\\/prosafebrands.com\\\/#\\\/schema\\\/logo\\\/image\\\/\"},\"sameAs\":[\"https:\\\/\\\/www.instagram.com\\\/prosafebrands\\\/\"]}]}<\/script>\n<!-- \/ Yoast SEO plugin. -->","yoast_head_json":{"title":"RV-CP06 MANDIL RUVI\u00ae DE POLIURETANO PROCESSOR6 - Prosafe : Upgrade to Premium : Calzado Industrial y Ropa de Trabajo","robots":{"index":"index","follow":"follow","max-snippet":"max-snippet:-1","max-image-preview":"max-image-preview:large","max-video-preview":"max-video-preview:-1"},"canonical":"https:\/\/prosafebrands.com\/producto\/rv-cp06-mandil-ruvi-de-poliuretano-processor6\/","og_locale":"en_US","og_type":"article","og_title":"RV-CP06 MANDIL RUVI\u00ae DE POLIURETANO PROCESSOR6 - Prosafe : Upgrade to Premium : Calzado Industrial y Ropa de Trabajo","og_description":"Datos T\u00e9cnicos Material: Resina de Poliuretano grado GRAS \/ Dureza 85 shore A Fabricaci\u00f3n: Una sola pieza (sin costuras)    Corto 90x100cm 160gr   Est\u00e1ndar 90x114cm 180gr   Largo 90x127cm 200gr","og_url":"https:\/\/prosafebrands.com\/producto\/rv-cp06-mandil-ruvi-de-poliuretano-processor6\/","og_site_name":"Prosafe : Upgrade to Premium : Calzado Industrial y Ropa de Trabajo","article_modified_time":"2026-04-07T21:11:15+00:00","og_image":[{"width":1200,"height":1200,"url":"https:\/\/prosafebrands.com\/wp-content\/uploads\/2025\/05\/rubi-mandil-poliuretano-1.jpg","type":"image\/jpeg"}],"twitter_card":"summary_large_image","twitter_misc":{"Est. reading time":"2 minutes"},"schema":{"@context":"https:\/\/schema.org","@graph":[{"@type":"WebPage","@id":"https:\/\/prosafebrands.com\/producto\/rv-cp06-mandil-ruvi-de-poliuretano-processor6\/","url":"https:\/\/prosafebrands.com\/producto\/rv-cp06-mandil-ruvi-de-poliuretano-processor6\/","name":"RV-CP06 MANDIL RUVI\u00ae DE POLIURETANO PROCESSOR6 - Prosafe : Upgrade to Premium : Calzado Industrial y Ropa de Trabajo","isPartOf":{"@id":"https:\/\/prosafebrands.com\/#website"},"primaryImageOfPage":{"@id":"https:\/\/prosafebrands.com\/producto\/rv-cp06-mandil-ruvi-de-poliuretano-processor6\/#primaryimage"},"image":{"@id":"https:\/\/prosafebrands.com\/producto\/rv-cp06-mandil-ruvi-de-poliuretano-processor6\/#primaryimage"},"thumbnailUrl":"https:\/\/prosafebrands.com\/wp-content\/uploads\/2025\/05\/rubi-mandil-poliuretano-1.jpg","datePublished":"2025-05-22T18:30:58+00:00","dateModified":"2026-04-07T21:11:15+00:00","breadcrumb":{"@id":"https:\/\/prosafebrands.com\/producto\/rv-cp06-mandil-ruvi-de-poliuretano-processor6\/#breadcrumb"},"inLanguage":"en-US","potentialAction":[{"@type":"ReadAction","target":["https:\/\/prosafebrands.com\/producto\/rv-cp06-mandil-ruvi-de-poliuretano-processor6\/"]}]},{"@type":"ImageObject","inLanguage":"en-US","@id":"https:\/\/prosafebrands.com\/producto\/rv-cp06-mandil-ruvi-de-poliuretano-processor6\/#primaryimage","url":"https:\/\/prosafebrands.com\/wp-content\/uploads\/2025\/05\/rubi-mandil-poliuretano-1.jpg","contentUrl":"https:\/\/prosafebrands.com\/wp-content\/uploads\/2025\/05\/rubi-mandil-poliuretano-1.jpg","width":1200,"height":1200},{"@type":"BreadcrumbList","@id":"https:\/\/prosafebrands.com\/producto\/rv-cp06-mandil-ruvi-de-poliuretano-processor6\/#breadcrumb","itemListElement":[{"@type":"ListItem","position":1,"name":"Portada","item":"https:\/\/prosafebrands.com\/"},{"@type":"ListItem","position":2,"name":"Shop","item":"https:\/\/prosafebrands.com\/en\/shop-2\/"},{"@type":"ListItem","position":3,"name":"RV-CP06 MANDIL RUVI\u00ae DE POLIURETANO PROCESSOR6"}]},{"@type":"WebSite","@id":"https:\/\/prosafebrands.com\/#website","url":"https:\/\/prosafebrands.com\/","name":"Prosafe : Upgrade to Premium : Calzado Industrial y Ropa de Trabajo.","description":"Distibuidor Exclusivo\u00a0para\u00a0Me\u0301xico\u00a0de: Reebok Work, Bekina Boots, HH Workwear, CAT\u00a0y\u00a0Puma\u00a0Workwear","publisher":{"@id":"https:\/\/prosafebrands.com\/#organization"},"alternateName":"Prosafe : Upgrade to Premium : Calzado Industrial y Ropa de Trabajo.","potentialAction":[{"@type":"SearchAction","target":{"@type":"EntryPoint","urlTemplate":"https:\/\/prosafebrands.com\/?s={search_term_string}"},"query-input":{"@type":"PropertyValueSpecification","valueRequired":true,"valueName":"search_term_string"}}],"inLanguage":"en-US"},{"@type":"Organization","@id":"https:\/\/prosafebrands.com\/#organization","name":"Prosafe : Upgrade to Premium : Calzado Industrial y Ropa de Trabajo.","alternateName":"Prosafe : Upgrade to Premium : Calzado Industrial y Ropa de Trabajo.","url":"https:\/\/prosafebrands.com\/","logo":{"@type":"ImageObject","inLanguage":"en-US","@id":"https:\/\/prosafebrands.com\/#\/schema\/logo\/image\/","url":"https:\/\/prosafebrands.com\/wp-content\/uploads\/2024\/10\/logo-prosafe-gris-2024r.png","contentUrl":"https:\/\/prosafebrands.com\/wp-content\/uploads\/2024\/10\/logo-prosafe-gris-2024r.png","width":293,"height":87,"caption":"Prosafe : Upgrade to Premium : Calzado Industrial y Ropa de Trabajo."},"image":{"@id":"https:\/\/prosafebrands.com\/#\/schema\/logo\/image\/"},"sameAs":["https:\/\/www.instagram.com\/prosafebrands\/"]}]}},"_links":{"self":[{"href":"https:\/\/prosafebrands.com\/en\/wp-json\/wp\/v2\/product\/104214","targetHints":{"allow":["GET"]}}],"collection":[{"href":"https:\/\/prosafebrands.com\/en\/wp-json\/wp\/v2\/product"}],"about":[{"href":"https:\/\/prosafebrands.com\/en\/wp-json\/wp\/v2\/types\/product"}],"replies":[{"embeddable":true,"href":"https:\/\/prosafebrands.com\/en\/wp-json\/wp\/v2\/comments?post=104214"}],"wp:featuredmedia":[{"embeddable":true,"href":"https:\/\/prosafebrands.com\/en\/wp-json\/wp\/v2\/media\/104193"}],"wp:attachment":[{"href":"https:\/\/prosafebrands.com\/en\/wp-json\/wp\/v2\/media?parent=104214"}],"wp:term":[{"taxonomy":"product_brand","embeddable":true,"href":"https:\/\/prosafebrands.com\/en\/wp-json\/wp\/v2\/product_brand?post=104214"},{"taxonomy":"product_cat","embeddable":true,"href":"https:\/\/prosafebrands.com\/en\/wp-json\/wp\/v2\/product_cat?post=104214"},{"taxonomy":"product_tag","embeddable":true,"href":"https:\/\/prosafebrands.com\/en\/wp-json\/wp\/v2\/product_tag?post=104214"}],"curies":[{"name":"wp","href":"https:\/\/api.w.org\/{rel}","templated":true}]}}