{"id":100330,"date":"2026-04-02T18:15:33","date_gmt":"2026-04-03T00:15:33","guid":{"rendered":"https:\/\/prosafebrands.com\/?post_type=product&#038;p=100330"},"modified":"2026-04-07T17:14:22","modified_gmt":"2026-04-07T23:14:22","slug":"solid-grip-s5","status":"publish","type":"product","link":"https:\/\/prosafebrands.com\/en\/product\/solid-grip-s5\/","title":{"rendered":"BK9902 &#8211; StepliteX SolidGrip Puntera y plantilla de anti-penetraci\u00f3n no met\u00e1lica (S5) Negro"},"content":{"rendered":"<h3><strong>CARACTER\u00cdSTICAS<\/strong><\/h3>\n<p>&#8211; Robusta, aunque ligera<br \/>\n&#8211; Horma m\u00e1s ancha<br \/>\n&#8211; Seguridad: Puntera y suela sin metal (S5): anti corrosi\u00f3n<br \/>\n&#8211; Excelente agarre incluso en superficies h\u00famedas y aceitosas<br \/>\n&#8211; Suela certificada SRC.<br \/>\n&#8211; Resistente al esti\u00e9rcol, grasas, aceites, productos qu\u00edmicos.<br \/>\n&#8211; F\u00e1cil de limpiar y desinfectar.<\/p>\n","protected":false},"excerpt":{"rendered":"<p><strong>MATERIAL CORTE Y SUELA: <\/strong>Poliuretano NEOTANE<br \/>\n<strong>PUNTERA DE PROTECCI\u00d3N:<\/strong> No Met\u00e1lica<br \/>\n<strong>PLANTILLA:<\/strong> Anti penetraci\u00f3n no met\u00e1lica<br \/>\n<strong>USO RECOMENDADO: <\/strong>Miner\u00eda, Construcci\u00f3n e Industria General<br \/>\n<strong>TEMPERATURA:<\/strong> -30\u00b0C \/ -22\u00b0F<\/p>\n<p><img decoding=\"async\" class=\"alignleft wp-image-101400 size-full\" src=\"https:\/\/prosafebrands.com\/wp-content\/uploads\/2023\/08\/bk-9902-solid-grip-05-grados.jpg\" alt=\"bk-9902-solid-grip-05-grados\" width=\"400\" height=\"150\" srcset=\"https:\/\/prosafebrands.com\/wp-content\/uploads\/2023\/08\/bk-9902-solid-grip-05-grados.jpg 400w, https:\/\/prosafebrands.com\/wp-content\/uploads\/2023\/08\/bk-9902-solid-grip-05-grados-300x113.jpg 300w, https:\/\/prosafebrands.com\/wp-content\/uploads\/2023\/08\/bk-9902-solid-grip-05-grados-64x24.jpg 64w\" sizes=\"(max-width: 400px) 100vw, 400px\" \/><\/p>\n<p>&nbsp;<\/p>\n<p>&nbsp;<\/p>\n<p>&nbsp;<\/p>\n<p><img decoding=\"async\" class=\"alignleft wp-image-101743 size-full\" src=\"https:\/\/prosafebrands.com\/wp-content\/uploads\/2023\/08\/bekina-ico-noms-certificaciones.jpg\" alt=\"\" width=\"600\" height=\"100\" \/><\/p>\n","protected":false},"featured_media":103733,"comment_status":"closed","ping_status":"closed","template":"","meta":{"_et_pb_use_builder":"","_et_pb_old_content":"{\"total\":69,\"to_translate\":{\"en\":69}}","_et_gb_content_width":""},"product_brand":[],"product_cat":[44,226,225,291],"product_tag":[48,47,49,85,84],"class_list":{"0":"post-100330","1":"product","2":"type-product","3":"status-publish","4":"has-post-thumbnail","6":"product_cat-bekina-boots","7":"product_cat-construccion-e-industria-general","8":"product_cat-mineria","9":"product_cat-nuevo-bekina","10":"product_tag-boots","11":"product_tag-botas","12":"product_tag-botas-de-seguridad","13":"product_tag-construccion-e-industria-general","14":"product_tag-mineria","16":"first","17":"instock","18":"taxable","19":"shipping-taxable","20":"purchasable","21":"product-type-variable"},"yoast_head":"<!-- This site is optimized with the Yoast SEO plugin v27.4 - https:\/\/yoast.com\/product\/yoast-seo-wordpress\/ -->\n<title>BK9902 - StepliteX SolidGrip Puntera y plantilla de anti-penetraci\u00f3n no met\u00e1lica (S5) Negro - Prosafe : Upgrade to Premium : Calzado Industrial y Ropa de Trabajo<\/title>\n<meta name=\"robots\" content=\"index, follow, max-snippet:-1, max-image-preview:large, max-video-preview:-1\" \/>\n<link rel=\"canonical\" href=\"https:\/\/prosafebrands.com\/producto\/solid-grip-s5\/\" \/>\n<meta property=\"og:locale\" content=\"en_US\" \/>\n<meta property=\"og:type\" content=\"article\" \/>\n<meta property=\"og:title\" content=\"BK9902 - StepliteX SolidGrip Puntera y plantilla de anti-penetraci\u00f3n no met\u00e1lica (S5) Negro - Prosafe : Upgrade to Premium : Calzado Industrial y Ropa de Trabajo\" \/>\n<meta property=\"og:description\" content=\"MATERIAL CORTE Y SUELA: Poliuretano NEOTANE PUNTERA DE PROTECCI\u00d3N: No Met\u00e1lica PLANTILLA: Anti penetraci\u00f3n no met\u00e1lica USO RECOMENDADO: Miner\u00eda, Construcci\u00f3n e Industria General TEMPERATURA: -30\u00b0C \/ -22\u00b0F    &nbsp;  &nbsp;  &nbsp;\" \/>\n<meta property=\"og:url\" content=\"https:\/\/prosafebrands.com\/producto\/solid-grip-s5\/\" \/>\n<meta property=\"og:site_name\" content=\"Prosafe : Upgrade to Premium : Calzado Industrial y Ropa de Trabajo\" \/>\n<meta property=\"article:modified_time\" content=\"2026-04-07T23:14:22+00:00\" \/>\n<meta property=\"og:image\" content=\"https:\/\/prosafebrands.com\/wp-content\/uploads\/2023\/08\/bk-9902-solid-grip-06.jpg\" \/>\n\t<meta property=\"og:image:width\" content=\"1200\" \/>\n\t<meta property=\"og:image:height\" content=\"1200\" \/>\n\t<meta property=\"og:image:type\" content=\"image\/jpeg\" \/>\n<meta name=\"twitter:card\" content=\"summary_large_image\" \/>\n<meta name=\"twitter:label1\" content=\"Est. reading time\" \/>\n\t<meta name=\"twitter:data1\" content=\"1 minute\" \/>\n<script type=\"application\/ld+json\" class=\"yoast-schema-graph\">{\"@context\":\"https:\\\/\\\/schema.org\",\"@graph\":[{\"@type\":\"WebPage\",\"@id\":\"https:\\\/\\\/prosafebrands.com\\\/producto\\\/solid-grip-s5\\\/\",\"url\":\"https:\\\/\\\/prosafebrands.com\\\/producto\\\/solid-grip-s5\\\/\",\"name\":\"BK9902 - StepliteX SolidGrip Puntera y plantilla de anti-penetraci\u00f3n no met\u00e1lica (S5) Negro - Prosafe : Upgrade to Premium : Calzado Industrial y Ropa de Trabajo\",\"isPartOf\":{\"@id\":\"https:\\\/\\\/prosafebrands.com\\\/#website\"},\"primaryImageOfPage\":{\"@id\":\"https:\\\/\\\/prosafebrands.com\\\/producto\\\/solid-grip-s5\\\/#primaryimage\"},\"image\":{\"@id\":\"https:\\\/\\\/prosafebrands.com\\\/producto\\\/solid-grip-s5\\\/#primaryimage\"},\"thumbnailUrl\":\"https:\\\/\\\/prosafebrands.com\\\/wp-content\\\/uploads\\\/2023\\\/08\\\/bk-9902-solid-grip-06.jpg\",\"datePublished\":\"2026-04-03T00:15:33+00:00\",\"dateModified\":\"2026-04-07T23:14:22+00:00\",\"breadcrumb\":{\"@id\":\"https:\\\/\\\/prosafebrands.com\\\/producto\\\/solid-grip-s5\\\/#breadcrumb\"},\"inLanguage\":\"en-US\",\"potentialAction\":[{\"@type\":\"ReadAction\",\"target\":[\"https:\\\/\\\/prosafebrands.com\\\/producto\\\/solid-grip-s5\\\/\"]}]},{\"@type\":\"ImageObject\",\"inLanguage\":\"en-US\",\"@id\":\"https:\\\/\\\/prosafebrands.com\\\/producto\\\/solid-grip-s5\\\/#primaryimage\",\"url\":\"https:\\\/\\\/prosafebrands.com\\\/wp-content\\\/uploads\\\/2023\\\/08\\\/bk-9902-solid-grip-06.jpg\",\"contentUrl\":\"https:\\\/\\\/prosafebrands.com\\\/wp-content\\\/uploads\\\/2023\\\/08\\\/bk-9902-solid-grip-06.jpg\",\"width\":1200,\"height\":1200},{\"@type\":\"BreadcrumbList\",\"@id\":\"https:\\\/\\\/prosafebrands.com\\\/producto\\\/solid-grip-s5\\\/#breadcrumb\",\"itemListElement\":[{\"@type\":\"ListItem\",\"position\":1,\"name\":\"Portada\",\"item\":\"https:\\\/\\\/prosafebrands.com\\\/\"},{\"@type\":\"ListItem\",\"position\":2,\"name\":\"Shop\",\"item\":\"https:\\\/\\\/prosafebrands.com\\\/en\\\/shop-2\\\/\"},{\"@type\":\"ListItem\",\"position\":3,\"name\":\"BK9902 &#8211; StepliteX SolidGrip Puntera y plantilla de anti-penetraci\u00f3n no met\u00e1lica (S5) Negro\"}]},{\"@type\":\"WebSite\",\"@id\":\"https:\\\/\\\/prosafebrands.com\\\/#website\",\"url\":\"https:\\\/\\\/prosafebrands.com\\\/\",\"name\":\"Prosafe : Upgrade to Premium : Calzado Industrial y Ropa de Trabajo.\",\"description\":\"Distibuidor Exclusivo\u00a0para\u00a0Me\u0301xico\u00a0de: Reebok Work, Bekina Boots, HH Workwear, CAT\u00a0y\u00a0Puma\u00a0Workwear\",\"publisher\":{\"@id\":\"https:\\\/\\\/prosafebrands.com\\\/#organization\"},\"alternateName\":\"Prosafe : Upgrade to Premium : Calzado Industrial y Ropa de Trabajo.\",\"potentialAction\":[{\"@type\":\"SearchAction\",\"target\":{\"@type\":\"EntryPoint\",\"urlTemplate\":\"https:\\\/\\\/prosafebrands.com\\\/?s={search_term_string}\"},\"query-input\":{\"@type\":\"PropertyValueSpecification\",\"valueRequired\":true,\"valueName\":\"search_term_string\"}}],\"inLanguage\":\"en-US\"},{\"@type\":\"Organization\",\"@id\":\"https:\\\/\\\/prosafebrands.com\\\/#organization\",\"name\":\"Prosafe : Upgrade to Premium : Calzado Industrial y Ropa de Trabajo.\",\"alternateName\":\"Prosafe : Upgrade to Premium : Calzado Industrial y Ropa de Trabajo.\",\"url\":\"https:\\\/\\\/prosafebrands.com\\\/\",\"logo\":{\"@type\":\"ImageObject\",\"inLanguage\":\"en-US\",\"@id\":\"https:\\\/\\\/prosafebrands.com\\\/#\\\/schema\\\/logo\\\/image\\\/\",\"url\":\"https:\\\/\\\/prosafebrands.com\\\/wp-content\\\/uploads\\\/2024\\\/10\\\/logo-prosafe-gris-2024r.png\",\"contentUrl\":\"https:\\\/\\\/prosafebrands.com\\\/wp-content\\\/uploads\\\/2024\\\/10\\\/logo-prosafe-gris-2024r.png\",\"width\":293,\"height\":87,\"caption\":\"Prosafe : Upgrade to Premium : Calzado Industrial y Ropa de Trabajo.\"},\"image\":{\"@id\":\"https:\\\/\\\/prosafebrands.com\\\/#\\\/schema\\\/logo\\\/image\\\/\"},\"sameAs\":[\"https:\\\/\\\/www.instagram.com\\\/prosafebrands\\\/\"]}]}<\/script>\n<!-- \/ Yoast SEO plugin. -->","yoast_head_json":{"title":"BK9902 - StepliteX SolidGrip Puntera y plantilla de anti-penetraci\u00f3n no met\u00e1lica (S5) Negro - Prosafe : Upgrade to Premium : Calzado Industrial y Ropa de Trabajo","robots":{"index":"index","follow":"follow","max-snippet":"max-snippet:-1","max-image-preview":"max-image-preview:large","max-video-preview":"max-video-preview:-1"},"canonical":"https:\/\/prosafebrands.com\/producto\/solid-grip-s5\/","og_locale":"en_US","og_type":"article","og_title":"BK9902 - StepliteX SolidGrip Puntera y plantilla de anti-penetraci\u00f3n no met\u00e1lica (S5) Negro - Prosafe : Upgrade to Premium : Calzado Industrial y Ropa de Trabajo","og_description":"MATERIAL CORTE Y SUELA: Poliuretano NEOTANE PUNTERA DE PROTECCI\u00d3N: No Met\u00e1lica PLANTILLA: Anti penetraci\u00f3n no met\u00e1lica USO RECOMENDADO: Miner\u00eda, Construcci\u00f3n e Industria General TEMPERATURA: -30\u00b0C \/ -22\u00b0F    &nbsp;  &nbsp;  &nbsp;","og_url":"https:\/\/prosafebrands.com\/producto\/solid-grip-s5\/","og_site_name":"Prosafe : Upgrade to Premium : Calzado Industrial y Ropa de Trabajo","article_modified_time":"2026-04-07T23:14:22+00:00","og_image":[{"width":1200,"height":1200,"url":"https:\/\/prosafebrands.com\/wp-content\/uploads\/2023\/08\/bk-9902-solid-grip-06.jpg","type":"image\/jpeg"}],"twitter_card":"summary_large_image","twitter_misc":{"Est. reading time":"1 minute"},"schema":{"@context":"https:\/\/schema.org","@graph":[{"@type":"WebPage","@id":"https:\/\/prosafebrands.com\/producto\/solid-grip-s5\/","url":"https:\/\/prosafebrands.com\/producto\/solid-grip-s5\/","name":"BK9902 - StepliteX SolidGrip Puntera y plantilla de anti-penetraci\u00f3n no met\u00e1lica (S5) Negro - Prosafe : Upgrade to Premium : Calzado Industrial y Ropa de Trabajo","isPartOf":{"@id":"https:\/\/prosafebrands.com\/#website"},"primaryImageOfPage":{"@id":"https:\/\/prosafebrands.com\/producto\/solid-grip-s5\/#primaryimage"},"image":{"@id":"https:\/\/prosafebrands.com\/producto\/solid-grip-s5\/#primaryimage"},"thumbnailUrl":"https:\/\/prosafebrands.com\/wp-content\/uploads\/2023\/08\/bk-9902-solid-grip-06.jpg","datePublished":"2026-04-03T00:15:33+00:00","dateModified":"2026-04-07T23:14:22+00:00","breadcrumb":{"@id":"https:\/\/prosafebrands.com\/producto\/solid-grip-s5\/#breadcrumb"},"inLanguage":"en-US","potentialAction":[{"@type":"ReadAction","target":["https:\/\/prosafebrands.com\/producto\/solid-grip-s5\/"]}]},{"@type":"ImageObject","inLanguage":"en-US","@id":"https:\/\/prosafebrands.com\/producto\/solid-grip-s5\/#primaryimage","url":"https:\/\/prosafebrands.com\/wp-content\/uploads\/2023\/08\/bk-9902-solid-grip-06.jpg","contentUrl":"https:\/\/prosafebrands.com\/wp-content\/uploads\/2023\/08\/bk-9902-solid-grip-06.jpg","width":1200,"height":1200},{"@type":"BreadcrumbList","@id":"https:\/\/prosafebrands.com\/producto\/solid-grip-s5\/#breadcrumb","itemListElement":[{"@type":"ListItem","position":1,"name":"Portada","item":"https:\/\/prosafebrands.com\/"},{"@type":"ListItem","position":2,"name":"Shop","item":"https:\/\/prosafebrands.com\/en\/shop-2\/"},{"@type":"ListItem","position":3,"name":"BK9902 &#8211; StepliteX SolidGrip Puntera y plantilla de anti-penetraci\u00f3n no met\u00e1lica (S5) Negro"}]},{"@type":"WebSite","@id":"https:\/\/prosafebrands.com\/#website","url":"https:\/\/prosafebrands.com\/","name":"Prosafe : Upgrade to Premium : Calzado Industrial y Ropa de Trabajo.","description":"Distibuidor Exclusivo\u00a0para\u00a0Me\u0301xico\u00a0de: Reebok Work, Bekina Boots, HH Workwear, CAT\u00a0y\u00a0Puma\u00a0Workwear","publisher":{"@id":"https:\/\/prosafebrands.com\/#organization"},"alternateName":"Prosafe : Upgrade to Premium : Calzado Industrial y Ropa de Trabajo.","potentialAction":[{"@type":"SearchAction","target":{"@type":"EntryPoint","urlTemplate":"https:\/\/prosafebrands.com\/?s={search_term_string}"},"query-input":{"@type":"PropertyValueSpecification","valueRequired":true,"valueName":"search_term_string"}}],"inLanguage":"en-US"},{"@type":"Organization","@id":"https:\/\/prosafebrands.com\/#organization","name":"Prosafe : Upgrade to Premium : Calzado Industrial y Ropa de Trabajo.","alternateName":"Prosafe : Upgrade to Premium : Calzado Industrial y Ropa de Trabajo.","url":"https:\/\/prosafebrands.com\/","logo":{"@type":"ImageObject","inLanguage":"en-US","@id":"https:\/\/prosafebrands.com\/#\/schema\/logo\/image\/","url":"https:\/\/prosafebrands.com\/wp-content\/uploads\/2024\/10\/logo-prosafe-gris-2024r.png","contentUrl":"https:\/\/prosafebrands.com\/wp-content\/uploads\/2024\/10\/logo-prosafe-gris-2024r.png","width":293,"height":87,"caption":"Prosafe : Upgrade to Premium : Calzado Industrial y Ropa de Trabajo."},"image":{"@id":"https:\/\/prosafebrands.com\/#\/schema\/logo\/image\/"},"sameAs":["https:\/\/www.instagram.com\/prosafebrands\/"]}]}},"_links":{"self":[{"href":"https:\/\/prosafebrands.com\/en\/wp-json\/wp\/v2\/product\/100330","targetHints":{"allow":["GET"]}}],"collection":[{"href":"https:\/\/prosafebrands.com\/en\/wp-json\/wp\/v2\/product"}],"about":[{"href":"https:\/\/prosafebrands.com\/en\/wp-json\/wp\/v2\/types\/product"}],"replies":[{"embeddable":true,"href":"https:\/\/prosafebrands.com\/en\/wp-json\/wp\/v2\/comments?post=100330"}],"wp:featuredmedia":[{"embeddable":true,"href":"https:\/\/prosafebrands.com\/en\/wp-json\/wp\/v2\/media\/103733"}],"wp:attachment":[{"href":"https:\/\/prosafebrands.com\/en\/wp-json\/wp\/v2\/media?parent=100330"}],"wp:term":[{"taxonomy":"product_brand","embeddable":true,"href":"https:\/\/prosafebrands.com\/en\/wp-json\/wp\/v2\/product_brand?post=100330"},{"taxonomy":"product_cat","embeddable":true,"href":"https:\/\/prosafebrands.com\/en\/wp-json\/wp\/v2\/product_cat?post=100330"},{"taxonomy":"product_tag","embeddable":true,"href":"https:\/\/prosafebrands.com\/en\/wp-json\/wp\/v2\/product_tag?post=100330"}],"curies":[{"name":"wp","href":"https:\/\/api.w.org\/{rel}","templated":true}]}}